{"id":1914,"date":"2019-09-18T11:38:37","date_gmt":"2019-09-18T09:38:37","guid":{"rendered":"https:\/\/rcg-ag.com\/?page_id=1914"},"modified":"2026-01-20T13:47:23","modified_gmt":"2026-01-20T12:47:23","slug":"studenten","status":"publish","type":"page","link":"https:\/\/rcg-ag.com\/de\/karriere\/studenten\/","title":{"rendered":"Studenten"},"content":{"rendered":"<div class=\"special-headline\"><h1 class=\"special-headline-title\">Studenten<\/h1><\/div>\n\n\n<p>Die Research &amp; Consulting Group (RCG) ist eine global agierende Managementberatung. Unser Fokus liegt auf international t\u00e4tigen Gro\u00dfunternehmen aus der Stahl-, Metall- &amp; Miningbranche. Wir suchen zum n\u00e4chstm\u00f6glichen Termin einen<\/p>\n\n\n\n<div style=\"height:50px\" aria-hidden=\"true\" class=\"wp-block-spacer\"><\/div>\n\n\n\n<h2 class=\"wp-block-heading has-text-align-left mainColor\"><strong>Intern Strategy &amp; Operations (m\/w\/x)<\/strong><\/h2>\n\n\n\n<p>F\u00fcr eine Dauer von mindestens 3 Monaten unterst\u00fctzt Du unser Team in ihrem Tagesgesch\u00e4ft sowie bei verschiedenen Projekten. Dabei kannst Du weitgehend eigenst\u00e4ndig arbeiten und wertvolle Erfahrungen sammeln.<\/p>\n\n\n\n<div class=\"wp-block-columns has-2-columns is-layout-flex wp-container-core-columns-is-layout-1 wp-block-columns-is-layout-flex\">\n<div class=\"wp-block-column is-layout-flow wp-block-column-is-layout-flow\"><div class=\"global-button\"><a class=\"btn\" href=\"mailto:career@rcg-ag.com\" target=\"_blank\"><span>Jetzt bewerben<\/span><span class=\"button-arrow\">&#8594;<\/span><\/a><\/div><\/div>\n\n\n\n<div class=\"wp-block-column is-layout-flow wp-block-column-is-layout-flow\"><\/div>\n<\/div>\n\n\n\n<div style=\"height:50px\" aria-hidden=\"true\" class=\"wp-block-spacer\"><\/div>\n\n\n\n<h3 class=\"wp-block-heading\">DEINE HERAUSFORDERUNGEN<\/h3>\n\n\n\n<ul class=\"wp-block-list\">\n<li>Unterst\u00fctzung bei anspruchsvollen und abwechslungsreichen Beratungsprojekten im Bereich Strategie \/ Business Transformation und Operations \/ Industrial Management   <\/li>\n\n\n\n<li>Durchf\u00fchrung von Prim\u00e4r- und Sekund\u00e4rrecherche<\/li>\n\n\n\n<li>Sammlung und Analyse von Daten<\/li>\n\n\n\n<li>Entwicklung von neuen Ideen und Erkenntnissen<\/li>\n\n\n\n<li>Zusammenarbeit in internationalen Teams<\/li>\n<\/ul>\n\n\n\n<div style=\"height:50px\" aria-hidden=\"true\" class=\"wp-block-spacer\"><\/div>\n\n\n\n<h3 class=\"wp-block-heading\">DEIN PROFIL<\/h3>\n\n\n\n<ul class=\"wp-block-list\">\n<li>Studenten eines Bachelor- oder Masterstudiengangs im Bereich Wirtschafts-, Ingenieurwissenschaften bzw. Wirtschaftsingenieurwesen <\/li>\n\n\n\n<li>\u00dcberdurchschnittliche Noten<\/li>\n\n\n\n<li>Sehr gute analytische und konzeptionelle F\u00e4higkeiten  <\/li>\n\n\n\n<li>Sicherer Umgang mit den MS Office-Programmen<\/li>\n\n\n\n<li>Ausgezeichnete Englischkenntnisse<\/li>\n\n\n\n<li>Hohe Motivation und Einsatzbereitschaft <\/li>\n<\/ul>\n\n\n\n<div style=\"height:50px\" aria-hidden=\"true\" class=\"wp-block-spacer\"><\/div>\n\n\n\n<h3 class=\"wp-block-heading\">WIR BIETEN DIR<\/h3>\n\n\n\n<ul class=\"wp-block-list\">\n<li>Interessante und abwechslungsreiche Aufgaben in einem internationalen Arbeitsumfeld bei namhaften Kunden<\/li>\n\n\n\n<li>Training \u201eon-the-job\u201c in enger Zusammenarbeit mit einem Mentor<\/li>\n\n\n\n<li>Wertvolle Erfahrung im Beratungsgesch\u00e4ft<\/li>\n\n\n\n<li>Praktikumsverg\u00fctung<\/li>\n<\/ul>\n\n\n\n<div style=\"height:50px\" aria-hidden=\"true\" class=\"wp-block-spacer\"><\/div>\n\n\n\n<p>Wir freuen uns auf Deine Bewerbung! Bitte richte Deine Bewerbung per Email an:<\/p>\n\n\n\n<p>Research &amp; Consulting Group AG<br>Sabrina Rendgen<br>Schindellegistr. 73<br>CH \u2013 8808 Pf\u00e4ffikon, SZ<br><\/p>\n\n\n\n<p>E-Mail: <a href=\"mailto:career@rcg-ag.com \">career@rcg-ag.com <\/a><\/p>\n\n\n\n<p>Falls Du Fragen zu diesem Stellenangebot hast, wende Dich bitte an Frau Sabrina Rendgen.<\/p>\n","protected":false},"excerpt":{"rendered":"<p>Die Research &amp; Consulting Group (RCG) ist eine global agierende Managementberatung. Unser Fokus liegt auf international t\u00e4tigen Gro\u00dfunternehmen aus der Stahl-, Metall- &amp; Miningbranche. Wir suchen zum n\u00e4chstm\u00f6glichen Termin einen Intern Strategy &amp; Operations (m\/w\/x) F\u00fcr eine Dauer von mindestens 3 Monaten unterst\u00fctzt Du unser Team in ihrem Tagesgesch\u00e4ft sowie bei verschiedenen Projekten. Dabei kannst [&hellip;]<\/p>\n","protected":false},"author":4,"featured_media":0,"parent":1911,"menu_order":10,"comment_status":"closed","ping_status":"closed","template":"","meta":{"_acf_changed":false,"footnotes":""},"class_list":["post-1914","page","type-page","status-publish","hentry"],"acf":[],"yoast_head":"<!-- This site is optimized with the Yoast SEO plugin v24.3 - https:\/\/yoast.com\/wordpress\/plugins\/seo\/ -->\n<title>Studenten - Research &amp; Consulting (Deutschland) GmbH<\/title>\n<meta name=\"robots\" content=\"index, follow, max-snippet:-1, max-image-preview:large, max-video-preview:-1\" \/>\n<link rel=\"canonical\" href=\"https:\/\/rcg-ag.com\/de\/karriere\/studenten\/\" \/>\n<meta property=\"og:locale\" content=\"de_DE\" \/>\n<meta property=\"og:type\" content=\"article\" \/>\n<meta property=\"og:title\" content=\"Studenten - Research &amp; Consulting (Deutschland) GmbH\" \/>\n<meta property=\"og:description\" content=\"Die Research &amp; Consulting Group (RCG) ist eine global agierende Managementberatung. Unser Fokus liegt auf international t\u00e4tigen Gro\u00dfunternehmen aus der Stahl-, Metall- &amp; Miningbranche. Wir suchen zum n\u00e4chstm\u00f6glichen Termin einen Intern Strategy &amp; Operations (m\/w\/x) F\u00fcr eine Dauer von mindestens 3 Monaten unterst\u00fctzt Du unser Team in ihrem Tagesgesch\u00e4ft sowie bei verschiedenen Projekten. Dabei kannst [&hellip;]\" \/>\n<meta property=\"og:url\" content=\"https:\/\/rcg-ag.com\/de\/karriere\/studenten\/\" \/>\n<meta property=\"og:site_name\" content=\"Research &amp; Consulting (Deutschland) GmbH\" \/>\n<meta property=\"article:modified_time\" content=\"2026-01-20T12:47:23+00:00\" \/>\n<meta name=\"twitter:card\" content=\"summary_large_image\" \/>\n<meta name=\"twitter:label1\" content=\"Gesch\u00e4tzte Lesezeit\" \/>\n\t<meta name=\"twitter:data1\" content=\"2\u00a0Minuten\" \/>\n<script type=\"application\/ld+json\" class=\"yoast-schema-graph\">{\"@context\":\"https:\/\/schema.org\",\"@graph\":[{\"@type\":\"WebPage\",\"@id\":\"https:\/\/rcg-ag.com\/de\/karriere\/studenten\/\",\"url\":\"https:\/\/rcg-ag.com\/de\/karriere\/studenten\/\",\"name\":\"Studenten - Research &amp; Consulting (Deutschland) GmbH\",\"isPartOf\":{\"@id\":\"https:\/\/rcg-ag.com\/de\/#website\"},\"datePublished\":\"2019-09-18T09:38:37+00:00\",\"dateModified\":\"2026-01-20T12:47:23+00:00\",\"breadcrumb\":{\"@id\":\"https:\/\/rcg-ag.com\/de\/karriere\/studenten\/#breadcrumb\"},\"inLanguage\":\"de\",\"potentialAction\":[{\"@type\":\"ReadAction\",\"target\":[\"https:\/\/rcg-ag.com\/de\/karriere\/studenten\/\"]}]},{\"@type\":\"BreadcrumbList\",\"@id\":\"https:\/\/rcg-ag.com\/de\/karriere\/studenten\/#breadcrumb\",\"itemListElement\":[{\"@type\":\"ListItem\",\"position\":1,\"name\":\"Startseite\",\"item\":\"https:\/\/rcg-ag.com\/de\/\"},{\"@type\":\"ListItem\",\"position\":2,\"name\":\"Karriere\",\"item\":\"https:\/\/rcg-ag.com\/de\/karriere\/\"},{\"@type\":\"ListItem\",\"position\":3,\"name\":\"Studenten\"}]},{\"@type\":\"WebSite\",\"@id\":\"https:\/\/rcg-ag.com\/de\/#website\",\"url\":\"https:\/\/rcg-ag.com\/de\/\",\"name\":\"Research &amp; Consulting (Deutschland) GmbH\",\"description\":\"\",\"publisher\":{\"@id\":\"https:\/\/rcg-ag.com\/de\/#organization\"},\"potentialAction\":[{\"@type\":\"SearchAction\",\"target\":{\"@type\":\"EntryPoint\",\"urlTemplate\":\"https:\/\/rcg-ag.com\/de\/?s={search_term_string}\"},\"query-input\":{\"@type\":\"PropertyValueSpecification\",\"valueRequired\":true,\"valueName\":\"search_term_string\"}}],\"inLanguage\":\"de\"},{\"@type\":\"Organization\",\"@id\":\"https:\/\/rcg-ag.com\/de\/#organization\",\"name\":\"Research & Consulting Group\",\"url\":\"https:\/\/rcg-ag.com\/de\/\",\"logo\":{\"@type\":\"ImageObject\",\"inLanguage\":\"de\",\"@id\":\"https:\/\/rcg-ag.com\/de\/#\/schema\/logo\/image\/\",\"url\":\"https:\/\/rcg-ag.com\/wp-content\/uploads\/2019\/08\/thumbnail.jpg\",\"contentUrl\":\"https:\/\/rcg-ag.com\/wp-content\/uploads\/2019\/08\/thumbnail.jpg\",\"width\":319,\"height\":231,\"caption\":\"Research & Consulting Group\"},\"image\":{\"@id\":\"https:\/\/rcg-ag.com\/de\/#\/schema\/logo\/image\/\"},\"sameAs\":[\"https:\/\/www.linkedin.com\/in\/joachim-schroeder-20baa434\/\"]}]}<\/script>\n<!-- \/ Yoast SEO plugin. -->","yoast_head_json":{"title":"Studenten - Research &amp; Consulting (Deutschland) GmbH","robots":{"index":"index","follow":"follow","max-snippet":"max-snippet:-1","max-image-preview":"max-image-preview:large","max-video-preview":"max-video-preview:-1"},"canonical":"https:\/\/rcg-ag.com\/de\/karriere\/studenten\/","og_locale":"de_DE","og_type":"article","og_title":"Studenten - Research &amp; Consulting (Deutschland) GmbH","og_description":"Die Research &amp; Consulting Group (RCG) ist eine global agierende Managementberatung. Unser Fokus liegt auf international t\u00e4tigen Gro\u00dfunternehmen aus der Stahl-, Metall- &amp; Miningbranche. Wir suchen zum n\u00e4chstm\u00f6glichen Termin einen Intern Strategy &amp; Operations (m\/w\/x) F\u00fcr eine Dauer von mindestens 3 Monaten unterst\u00fctzt Du unser Team in ihrem Tagesgesch\u00e4ft sowie bei verschiedenen Projekten. Dabei kannst [&hellip;]","og_url":"https:\/\/rcg-ag.com\/de\/karriere\/studenten\/","og_site_name":"Research &amp; Consulting (Deutschland) GmbH","article_modified_time":"2026-01-20T12:47:23+00:00","twitter_card":"summary_large_image","twitter_misc":{"Gesch\u00e4tzte Lesezeit":"2\u00a0Minuten"},"schema":{"@context":"https:\/\/schema.org","@graph":[{"@type":"WebPage","@id":"https:\/\/rcg-ag.com\/de\/karriere\/studenten\/","url":"https:\/\/rcg-ag.com\/de\/karriere\/studenten\/","name":"Studenten - Research &amp; Consulting (Deutschland) GmbH","isPartOf":{"@id":"https:\/\/rcg-ag.com\/de\/#website"},"datePublished":"2019-09-18T09:38:37+00:00","dateModified":"2026-01-20T12:47:23+00:00","breadcrumb":{"@id":"https:\/\/rcg-ag.com\/de\/karriere\/studenten\/#breadcrumb"},"inLanguage":"de","potentialAction":[{"@type":"ReadAction","target":["https:\/\/rcg-ag.com\/de\/karriere\/studenten\/"]}]},{"@type":"BreadcrumbList","@id":"https:\/\/rcg-ag.com\/de\/karriere\/studenten\/#breadcrumb","itemListElement":[{"@type":"ListItem","position":1,"name":"Startseite","item":"https:\/\/rcg-ag.com\/de\/"},{"@type":"ListItem","position":2,"name":"Karriere","item":"https:\/\/rcg-ag.com\/de\/karriere\/"},{"@type":"ListItem","position":3,"name":"Studenten"}]},{"@type":"WebSite","@id":"https:\/\/rcg-ag.com\/de\/#website","url":"https:\/\/rcg-ag.com\/de\/","name":"Research &amp; Consulting (Deutschland) GmbH","description":"","publisher":{"@id":"https:\/\/rcg-ag.com\/de\/#organization"},"potentialAction":[{"@type":"SearchAction","target":{"@type":"EntryPoint","urlTemplate":"https:\/\/rcg-ag.com\/de\/?s={search_term_string}"},"query-input":{"@type":"PropertyValueSpecification","valueRequired":true,"valueName":"search_term_string"}}],"inLanguage":"de"},{"@type":"Organization","@id":"https:\/\/rcg-ag.com\/de\/#organization","name":"Research & Consulting Group","url":"https:\/\/rcg-ag.com\/de\/","logo":{"@type":"ImageObject","inLanguage":"de","@id":"https:\/\/rcg-ag.com\/de\/#\/schema\/logo\/image\/","url":"https:\/\/rcg-ag.com\/wp-content\/uploads\/2019\/08\/thumbnail.jpg","contentUrl":"https:\/\/rcg-ag.com\/wp-content\/uploads\/2019\/08\/thumbnail.jpg","width":319,"height":231,"caption":"Research & Consulting Group"},"image":{"@id":"https:\/\/rcg-ag.com\/de\/#\/schema\/logo\/image\/"},"sameAs":["https:\/\/www.linkedin.com\/in\/joachim-schroeder-20baa434\/"]}]}},"_links":{"self":[{"href":"https:\/\/rcg-ag.com\/de\/wp-json\/wp\/v2\/pages\/1914","targetHints":{"allow":["GET"]}}],"collection":[{"href":"https:\/\/rcg-ag.com\/de\/wp-json\/wp\/v2\/pages"}],"about":[{"href":"https:\/\/rcg-ag.com\/de\/wp-json\/wp\/v2\/types\/page"}],"author":[{"embeddable":true,"href":"https:\/\/rcg-ag.com\/de\/wp-json\/wp\/v2\/users\/4"}],"replies":[{"embeddable":true,"href":"https:\/\/rcg-ag.com\/de\/wp-json\/wp\/v2\/comments?post=1914"}],"version-history":[{"count":15,"href":"https:\/\/rcg-ag.com\/de\/wp-json\/wp\/v2\/pages\/1914\/revisions"}],"predecessor-version":[{"id":2804,"href":"https:\/\/rcg-ag.com\/de\/wp-json\/wp\/v2\/pages\/1914\/revisions\/2804"}],"up":[{"embeddable":true,"href":"https:\/\/rcg-ag.com\/de\/wp-json\/wp\/v2\/pages\/1911"}],"wp:attachment":[{"href":"https:\/\/rcg-ag.com\/de\/wp-json\/wp\/v2\/media?parent=1914"}],"curies":[{"name":"wp","href":"https:\/\/api.w.org\/{rel}","templated":true}]}}