{"id":1911,"date":"2019-09-18T11:37:58","date_gmt":"2019-09-18T09:37:58","guid":{"rendered":"https:\/\/rcg-ag.com\/?page_id=1911"},"modified":"2019-10-04T10:23:17","modified_gmt":"2019-10-04T08:23:17","slug":"karriere","status":"publish","type":"page","link":"https:\/\/rcg-ag.com\/de\/karriere\/","title":{"rendered":"Karriere"},"content":{"rendered":"<div class=\"special-headline\"><h1 class=\"special-headline-title\">Karriere<\/h1><\/div>\n\n\n<p> Du bist interessiert daran mit einem jungen und dynamischen Team in direktem Kontakt zum Kunden zu arbeiten? Dann haben wir gute Neuigkeiten f\u00fcr dich. Wir sind eines der f\u00fchrenden Beratungsunternehmen spezialisiert auf die Stahl-, Metall- &amp; Mining-Industrie. Ob als Student, Berufseinsteiger, Young Professional oder als Berufserfahrener, die RCG bietet dir unbegrenzte M\u00f6glichkeiten deine Talente einzubringen, deine F\u00e4higkeiten anzuwenden und dich weiter zu entwickeln. Die Arbeit bei der RCG k\u00f6nnte eine herausfordernde und bereichernde Erfahrung f\u00fcr dich werden und deine Karriere auf die n\u00e4chste Stufe heben. <\/p>\n\n\n\n<div class=\"wp-block-columns has-2-columns is-layout-flex wp-container-core-columns-is-layout-1 wp-block-columns-is-layout-flex\">\n<div class=\"wp-block-column is-layout-flow wp-block-column-is-layout-flow\">\n<p><strong>Was erwartet dich bei der RCG? <\/strong><\/p>\n\n\n\n<p>Die Chance an bedeutenden und abwechslungsreichen Projekten mitzuarbeiten, mit einem internationalen Team und in enger Zusammenarbeit mit dem Kunden. Wir sind eine spezialisierte \u201cBoutique\u201d-Beratung \u2013 jeder Einzelne in der RCG-Familie spielt eine wichtige Rolle f\u00fcr den Erfolg des Unternehmens.<\/p>\n<\/div>\n\n\n\n<div class=\"wp-block-column is-layout-flow wp-block-column-is-layout-flow\">\n<p><strong>Was wir suchen? <\/strong><\/p>\n\n\n\n<p>Wir suchen ein breites Spektrum an F\u00e4higkeiten und Kompetenzen \u2013 von industriell \u00fcber sozial bis hin zu analytisch \u2013 um mit den f\u00fchrenden Stahl-, Metall- &amp; Mining-Unternehmen zusammen zu arbeiten. <\/p>\n<\/div>\n<\/div>\n\n\n\n<div class=\"wp-block-columns has-2-columns is-layout-flex wp-container-core-columns-is-layout-2 wp-block-columns-is-layout-flex\">\n<div class=\"wp-block-column is-layout-flow wp-block-column-is-layout-flow\">\n<p><strong>Benefits<\/strong><\/p>\n\n\n\n<p>Wir k\u00fcmmern uns um unsere Mitarbeiter, wissend, dass sie ma\u00dfgeblich am Erfolg der RCG beteiligt sind. &nbsp;Umfangreiches Training und individuelle Weiterentwicklung sind unsere wichtigsten Ziele. Direkt ab Beginn wirst du in Beraterteams mit erfahrenen Kollegen integriert und lernst \u201con-the-job\u201d das Beratungsgesch\u00e4ft kennen. <\/p>\n\n\n\n<p>Spannende und abwechslungsreiche Projekte, ein internationales Arbeitsumfeld und die Zusammenarbeit mit den f\u00fchrenden Unternehmen weltweit sind nur einige der Vorz\u00fcge, die dich bei der RCG erwarten.<\/p>\n<\/div>\n\n\n\n<div class=\"wp-block-column is-layout-flow wp-block-column-is-layout-flow\">\n<p><\/p>\n<\/div>\n<\/div>\n\n\n\n<div style=\"height:100px\" aria-hidden=\"true\" class=\"wp-block-spacer\"><\/div>\n\n\n\n<div class=\"wp-block-columns has-3-columns button__align is-layout-flex wp-container-core-columns-is-layout-3 wp-block-columns-is-layout-flex\">\n<div class=\"wp-block-column is-layout-flow wp-block-column-is-layout-flow\">\n<h4 class=\"wp-block-heading\"><strong>Student<\/strong>en<\/h4>\n\n\n\n<p> Du interessierst dich f\u00fcr das Beratungsgesch\u00e4ft und m\u00f6chtest es hautnah erleben? W\u00e4hrend deines Praktikums arbeitest du ab Tag 1 an Projekten mit, in enger Zusammenarbeit mit deinem Mentor. Du wirst weitgehend selbstst\u00e4ndig arbeiten und wertvolle Erfahrungen sammeln k\u00f6nnen. Und nach erfolgreichem Abschluss deines Praktikums \u2013 nach Beendigung deines Masterstudiums \u2013 wirst du die Chance haben der RCG als Associate beizutreten.<\/p>\n\n\n<div class=\"global-button\"><a class=\"btn\" href=\"https:\/\/rcg-ag.com\/de\/karriere\/studenten\/\" target=\"_self\"><span>Erfahre mehr<\/span><span class=\"button-arrow\">&#8594;<\/span><\/a><\/div><\/div>\n\n\n\n<div class=\"wp-block-column is-layout-flow wp-block-column-is-layout-flow\">\n<h4 class=\"wp-block-heading\"><strong>Berufseinsteiger<\/strong><\/h4>\n\n\n\n<p>Consulting ist deine Leidenschaft, du stehst kurz davor oder hast vor kurzem dein Masterstudium mit einem \u00fcberdurchschnittlichen Abschluss abgeschlossen? Du hast bereits einige Zeit im Ausland verbracht und erste Berufserfahrung durch Praktika oder durch die Mitarbeit an studentischen Beratungsprojekten gesammelt? Dann bewirb dich bei uns als Associate. <\/p>\n\n\n<div class=\"global-button\"><a class=\"btn\" href=\"https:\/\/rcg-ag.com\/de\/karriere\/berufseinsteiger\/\" target=\"_self\"><span>Erfahre mehr<\/span><span class=\"button-arrow\">&#8594;<\/span><\/a><\/div><\/div>\n\n\n\n<div class=\"wp-block-column is-layout-flow wp-block-column-is-layout-flow\">\n<h4 class=\"wp-block-heading\"><strong>Young professionals<\/strong><\/h4>\n\n\n\n<p>Du hast bereits mindestens 1 bis 2 Jahre Beratungs- und \/ oder Industrieerfahrung gesammelt und konntest deine analytischen F\u00e4higkeiten sowie dein methodisches Fachwissen unter Beweis stellen? Du kannst uns bei der Projektabwicklung unterst\u00fctzen, indem du gro\u00dfe und komplexe Arbeitspakete \u00fcbernimmst? Dann hast du die Chance der RCG als Consultant beizutreten. <\/p>\n\n\n<div class=\"global-button\"><a class=\"btn\" href=\"https:\/\/rcg-ag.com\/de\/karriere\/young-professionals\/\" target=\"_self\"><span>Erfahre mehr<\/span><span class=\"button-arrow\">&#8594;<\/span><\/a><\/div><\/div>\n<\/div>\n\n\n\n<div class=\"wp-block-columns has-3-columns button__align is-layout-flex wp-container-core-columns-is-layout-4 wp-block-columns-is-layout-flex\">\n<div class=\"wp-block-column is-layout-flow wp-block-column-is-layout-flow\">\n<h4 class=\"wp-block-heading\"><strong>Berufserfahrene<\/strong><\/h4>\n\n\n\n<p>Du hast bereits mindestens 3 bis 5 Jahre Beratungs- und \/ oder Industrieerfahrung gesammelt, Projekte eigenverantwortlich geleitet und deine F\u00fchrungsqualit\u00e4ten bewiesen? Du hast bereits Erfahrung in der Stahl-\/Metallindustrie und kannst uns bei der Akquisition neuer Beratungsprojekte unterst\u00fctzen? Dein Einstieg als Senior Consultant bietet dir neue Herausforderungen und Chancen deine F\u00e4higkeiten anzuwenden und somit zum Erfolg der RCG beizutragen.<\/p>\n\n\n<div class=\"global-button\"><a class=\"btn\" href=\"https:\/\/rcg-ag.com\/de\/karriere\/berufserfahrene\/\" target=\"_self\"><span>Erfahre mehr<\/span><span class=\"button-arrow\">&#8594;<\/span><\/a><\/div><\/div>\n\n\n\n<div class=\"wp-block-column is-layout-flow wp-block-column-is-layout-flow\"><\/div>\n\n\n\n<div class=\"wp-block-column is-layout-flow wp-block-column-is-layout-flow\"><\/div>\n<\/div>\n","protected":false},"excerpt":{"rendered":"<p>Du bist interessiert daran mit einem jungen und dynamischen Team in direktem Kontakt zum Kunden zu arbeiten? Dann haben wir gute Neuigkeiten f\u00fcr dich. Wir sind eines der f\u00fchrenden Beratungsunternehmen spezialisiert auf die Stahl-, Metall- &amp; Mining-Industrie. Ob als Student, Berufseinsteiger, Young Professional oder als Berufserfahrener, die RCG bietet dir unbegrenzte M\u00f6glichkeiten deine Talente einzubringen, [&hellip;]<\/p>\n","protected":false},"author":4,"featured_media":0,"parent":0,"menu_order":9,"comment_status":"closed","ping_status":"closed","template":"","meta":{"_acf_changed":false,"footnotes":""},"class_list":["post-1911","page","type-page","status-publish","hentry"],"acf":[],"yoast_head":"<!-- This site is optimized with the Yoast SEO plugin v24.3 - https:\/\/yoast.com\/wordpress\/plugins\/seo\/ -->\n<title>Karriere - Research &amp; Consulting (Deutschland) GmbH<\/title>\n<meta name=\"robots\" content=\"index, follow, max-snippet:-1, max-image-preview:large, max-video-preview:-1\" \/>\n<link rel=\"canonical\" href=\"https:\/\/rcg-ag.com\/de\/karriere\/\" \/>\n<meta property=\"og:locale\" content=\"de_DE\" \/>\n<meta property=\"og:type\" content=\"article\" \/>\n<meta property=\"og:title\" content=\"Karriere - Research &amp; Consulting (Deutschland) GmbH\" \/>\n<meta property=\"og:description\" content=\"Du bist interessiert daran mit einem jungen und dynamischen Team in direktem Kontakt zum Kunden zu arbeiten? Dann haben wir gute Neuigkeiten f\u00fcr dich. Wir sind eines der f\u00fchrenden Beratungsunternehmen spezialisiert auf die Stahl-, Metall- &amp; Mining-Industrie. Ob als Student, Berufseinsteiger, Young Professional oder als Berufserfahrener, die RCG bietet dir unbegrenzte M\u00f6glichkeiten deine Talente einzubringen, [&hellip;]\" \/>\n<meta property=\"og:url\" content=\"https:\/\/rcg-ag.com\/de\/karriere\/\" \/>\n<meta property=\"og:site_name\" content=\"Research &amp; Consulting (Deutschland) GmbH\" \/>\n<meta property=\"article:modified_time\" content=\"2019-10-04T08:23:17+00:00\" \/>\n<meta name=\"twitter:card\" content=\"summary_large_image\" \/>\n<meta name=\"twitter:label1\" content=\"Gesch\u00e4tzte Lesezeit\" \/>\n\t<meta name=\"twitter:data1\" content=\"2\u00a0Minuten\" \/>\n<script type=\"application\/ld+json\" class=\"yoast-schema-graph\">{\"@context\":\"https:\/\/schema.org\",\"@graph\":[{\"@type\":\"WebPage\",\"@id\":\"https:\/\/rcg-ag.com\/de\/karriere\/\",\"url\":\"https:\/\/rcg-ag.com\/de\/karriere\/\",\"name\":\"Karriere - Research &amp; Consulting (Deutschland) GmbH\",\"isPartOf\":{\"@id\":\"https:\/\/rcg-ag.com\/de\/#website\"},\"datePublished\":\"2019-09-18T09:37:58+00:00\",\"dateModified\":\"2019-10-04T08:23:17+00:00\",\"breadcrumb\":{\"@id\":\"https:\/\/rcg-ag.com\/de\/karriere\/#breadcrumb\"},\"inLanguage\":\"de\",\"potentialAction\":[{\"@type\":\"ReadAction\",\"target\":[\"https:\/\/rcg-ag.com\/de\/karriere\/\"]}]},{\"@type\":\"BreadcrumbList\",\"@id\":\"https:\/\/rcg-ag.com\/de\/karriere\/#breadcrumb\",\"itemListElement\":[{\"@type\":\"ListItem\",\"position\":1,\"name\":\"Startseite\",\"item\":\"https:\/\/rcg-ag.com\/de\/\"},{\"@type\":\"ListItem\",\"position\":2,\"name\":\"Karriere\"}]},{\"@type\":\"WebSite\",\"@id\":\"https:\/\/rcg-ag.com\/de\/#website\",\"url\":\"https:\/\/rcg-ag.com\/de\/\",\"name\":\"Research &amp; Consulting (Deutschland) GmbH\",\"description\":\"\",\"publisher\":{\"@id\":\"https:\/\/rcg-ag.com\/de\/#organization\"},\"potentialAction\":[{\"@type\":\"SearchAction\",\"target\":{\"@type\":\"EntryPoint\",\"urlTemplate\":\"https:\/\/rcg-ag.com\/de\/?s={search_term_string}\"},\"query-input\":{\"@type\":\"PropertyValueSpecification\",\"valueRequired\":true,\"valueName\":\"search_term_string\"}}],\"inLanguage\":\"de\"},{\"@type\":\"Organization\",\"@id\":\"https:\/\/rcg-ag.com\/de\/#organization\",\"name\":\"Research & Consulting Group\",\"url\":\"https:\/\/rcg-ag.com\/de\/\",\"logo\":{\"@type\":\"ImageObject\",\"inLanguage\":\"de\",\"@id\":\"https:\/\/rcg-ag.com\/de\/#\/schema\/logo\/image\/\",\"url\":\"https:\/\/rcg-ag.com\/wp-content\/uploads\/2019\/08\/thumbnail.jpg\",\"contentUrl\":\"https:\/\/rcg-ag.com\/wp-content\/uploads\/2019\/08\/thumbnail.jpg\",\"width\":319,\"height\":231,\"caption\":\"Research & Consulting Group\"},\"image\":{\"@id\":\"https:\/\/rcg-ag.com\/de\/#\/schema\/logo\/image\/\"},\"sameAs\":[\"https:\/\/www.linkedin.com\/in\/joachim-schroeder-20baa434\/\"]}]}<\/script>\n<!-- \/ Yoast SEO plugin. -->","yoast_head_json":{"title":"Karriere - Research &amp; Consulting (Deutschland) GmbH","robots":{"index":"index","follow":"follow","max-snippet":"max-snippet:-1","max-image-preview":"max-image-preview:large","max-video-preview":"max-video-preview:-1"},"canonical":"https:\/\/rcg-ag.com\/de\/karriere\/","og_locale":"de_DE","og_type":"article","og_title":"Karriere - Research &amp; Consulting (Deutschland) GmbH","og_description":"Du bist interessiert daran mit einem jungen und dynamischen Team in direktem Kontakt zum Kunden zu arbeiten? Dann haben wir gute Neuigkeiten f\u00fcr dich. Wir sind eines der f\u00fchrenden Beratungsunternehmen spezialisiert auf die Stahl-, Metall- &amp; Mining-Industrie. Ob als Student, Berufseinsteiger, Young Professional oder als Berufserfahrener, die RCG bietet dir unbegrenzte M\u00f6glichkeiten deine Talente einzubringen, [&hellip;]","og_url":"https:\/\/rcg-ag.com\/de\/karriere\/","og_site_name":"Research &amp; Consulting (Deutschland) GmbH","article_modified_time":"2019-10-04T08:23:17+00:00","twitter_card":"summary_large_image","twitter_misc":{"Gesch\u00e4tzte Lesezeit":"2\u00a0Minuten"},"schema":{"@context":"https:\/\/schema.org","@graph":[{"@type":"WebPage","@id":"https:\/\/rcg-ag.com\/de\/karriere\/","url":"https:\/\/rcg-ag.com\/de\/karriere\/","name":"Karriere - Research &amp; Consulting (Deutschland) GmbH","isPartOf":{"@id":"https:\/\/rcg-ag.com\/de\/#website"},"datePublished":"2019-09-18T09:37:58+00:00","dateModified":"2019-10-04T08:23:17+00:00","breadcrumb":{"@id":"https:\/\/rcg-ag.com\/de\/karriere\/#breadcrumb"},"inLanguage":"de","potentialAction":[{"@type":"ReadAction","target":["https:\/\/rcg-ag.com\/de\/karriere\/"]}]},{"@type":"BreadcrumbList","@id":"https:\/\/rcg-ag.com\/de\/karriere\/#breadcrumb","itemListElement":[{"@type":"ListItem","position":1,"name":"Startseite","item":"https:\/\/rcg-ag.com\/de\/"},{"@type":"ListItem","position":2,"name":"Karriere"}]},{"@type":"WebSite","@id":"https:\/\/rcg-ag.com\/de\/#website","url":"https:\/\/rcg-ag.com\/de\/","name":"Research &amp; Consulting (Deutschland) GmbH","description":"","publisher":{"@id":"https:\/\/rcg-ag.com\/de\/#organization"},"potentialAction":[{"@type":"SearchAction","target":{"@type":"EntryPoint","urlTemplate":"https:\/\/rcg-ag.com\/de\/?s={search_term_string}"},"query-input":{"@type":"PropertyValueSpecification","valueRequired":true,"valueName":"search_term_string"}}],"inLanguage":"de"},{"@type":"Organization","@id":"https:\/\/rcg-ag.com\/de\/#organization","name":"Research & Consulting Group","url":"https:\/\/rcg-ag.com\/de\/","logo":{"@type":"ImageObject","inLanguage":"de","@id":"https:\/\/rcg-ag.com\/de\/#\/schema\/logo\/image\/","url":"https:\/\/rcg-ag.com\/wp-content\/uploads\/2019\/08\/thumbnail.jpg","contentUrl":"https:\/\/rcg-ag.com\/wp-content\/uploads\/2019\/08\/thumbnail.jpg","width":319,"height":231,"caption":"Research & Consulting Group"},"image":{"@id":"https:\/\/rcg-ag.com\/de\/#\/schema\/logo\/image\/"},"sameAs":["https:\/\/www.linkedin.com\/in\/joachim-schroeder-20baa434\/"]}]}},"_links":{"self":[{"href":"https:\/\/rcg-ag.com\/de\/wp-json\/wp\/v2\/pages\/1911","targetHints":{"allow":["GET"]}}],"collection":[{"href":"https:\/\/rcg-ag.com\/de\/wp-json\/wp\/v2\/pages"}],"about":[{"href":"https:\/\/rcg-ag.com\/de\/wp-json\/wp\/v2\/types\/page"}],"author":[{"embeddable":true,"href":"https:\/\/rcg-ag.com\/de\/wp-json\/wp\/v2\/users\/4"}],"replies":[{"embeddable":true,"href":"https:\/\/rcg-ag.com\/de\/wp-json\/wp\/v2\/comments?post=1911"}],"version-history":[{"count":24,"href":"https:\/\/rcg-ag.com\/de\/wp-json\/wp\/v2\/pages\/1911\/revisions"}],"predecessor-version":[{"id":2196,"href":"https:\/\/rcg-ag.com\/de\/wp-json\/wp\/v2\/pages\/1911\/revisions\/2196"}],"wp:attachment":[{"href":"https:\/\/rcg-ag.com\/de\/wp-json\/wp\/v2\/media?parent=1911"}],"curies":[{"name":"wp","href":"https:\/\/api.w.org\/{rel}","templated":true}]}}