{"id":1698,"date":"2019-09-18T11:37:46","date_gmt":"2019-09-18T09:37:46","guid":{"rendered":"https:\/\/rcg-ag.com\/?page_id=1698"},"modified":"2022-03-31T12:20:30","modified_gmt":"2022-03-31T10:20:30","slug":"industrie-engagement","status":"publish","type":"page","link":"https:\/\/rcg-ag.com\/de\/industrie-engagement\/","title":{"rendered":"Industrie-Engagement"},"content":{"rendered":"<div class=\"special-headline\"><h1 class=\"special-headline-title\">Kooperation <\/h1><\/div>\n\n\n<p>Unsere Kooperation mit den f\u00fchrenden europ\u00e4ischen Bildungs- und Forschungsinstitutionen erm\u00f6glicht eine optimale Schnittstelle zwischen Branchenwissen im Bereich der Stahl-, Metall- &amp; Mining-Industrie sowie Fachwissen und methodischem Know-How aus der Forschung. <br><br><\/p>\n\n\n\n<div class=\"wp-block-columns has-3-columns is-layout-flex wp-container-core-columns-is-layout-1 wp-block-columns-is-layout-flex\">\n<div class=\"wp-block-column is-layout-flow wp-block-column-is-layout-flow\">\n<p><strong>Universit\u00e4t St.Gallen (HSG)<\/strong><br>St. Gallen, Schweiz<\/p>\n\n\n\n<p>Expertise:  Produktions- und Prozessmanagement einschlie\u00dflich Digitalisierung. <\/p>\n<\/div>\n\n\n\n<div class=\"wp-block-column is-layout-flow wp-block-column-is-layout-flow\">\n<p><strong>RWTH Aachen, FIR (Forschungsinstitut f\u00fcr Rationalisierung)<\/strong><br>Aachen, Deutschland <\/p>\n\n\n\n<p>Expertise:  Produktions-, Instandhaltungs- und Servicemanagement einschlie\u00dflich Digitalisierung. Verschiedene Projekte im Kontext Industrie 4.0.<\/p>\n<\/div>\n\n\n\n<div class=\"wp-block-column is-layout-flow wp-block-column-is-layout-flow\">\n<p><strong>WZL (Werkzeugmaschinenlabor)<br><\/strong>Aachen, Deutschland<\/p>\n\n\n\n<p>Expertise:  Produktions- und Prozessmanagement einschlie\u00dflich S&amp;OP. Projekterfahrung im Bereich Digitalisierung \/ Industrie 4.0.<\/p>\n<\/div>\n<\/div>\n\n\n\n<div class=\"wp-block-columns has-3-columns is-layout-flex wp-container-core-columns-is-layout-2 wp-block-columns-is-layout-flex\">\n<div class=\"wp-block-column is-layout-flow wp-block-column-is-layout-flow\">\n<p><br><strong>IFA (Institut f\u00fcr Fabrikanlagen und Logistik)<\/strong><br>Hannover, Deutschland<\/p>\n\n\n\n<p>Expertise:  Produktions- und Prozessmanagement einschlie\u00dflich Digitalisierung. <\/p>\n<\/div>\n\n\n\n<div class=\"wp-block-column is-layout-flow wp-block-column-is-layout-flow\">\n<p><br><strong><strong>UNED<\/strong><br><\/strong>Madrid, Spanien<\/p>\n\n\n\n<p>Expertise:  Internationale Dienstleitungs- und Bildungsangebote im Bereich Hochschulbildung durch die Modalit\u00e4t eines Fernstudiums f\u00fcr alle Karrierestufen.<\/p>\n<\/div>\n\n\n\n<div class=\"wp-block-column is-layout-flow wp-block-column-is-layout-flow\">\n<p><br><br><\/p>\n\n\n\n<p><\/p>\n<\/div>\n<\/div>\n\n\n\n<div style=\"height:50px\" aria-hidden=\"true\" class=\"wp-block-spacer\"><\/div>\n\n\n\n<div class=\"wp-block-columns has-2-columns is-layout-flex wp-container-core-columns-is-layout-3 wp-block-columns-is-layout-flex\">\n<div class=\"wp-block-column is-layout-flow wp-block-column-is-layout-flow\">\n<h2 class=\"wp-block-heading\">Mitgliedschaften, Zusammenschl\u00fcsse   <\/h2>\n<\/div>\n\n\n\n<div class=\"wp-block-column is-layout-flow wp-block-column-is-layout-flow\">\n<figure class=\"wp-block-image\"><img loading=\"lazy\" decoding=\"async\" width=\"240\" height=\"81\" src=\"https:\/\/rcg-ag.com\/wp-content\/uploads\/2019\/05\/bds.jpg\" alt=\"\" class=\"wp-image-865\"\/><\/figure>\n\n\n\n<p><strong>BDS &#8211; Bundesverband Deutscher Stahlhandel <\/strong><br><\/p>\n\n\n\n<div style=\"height:40px\" aria-hidden=\"true\" class=\"wp-block-spacer\"><\/div>\n\n\n\n<figure class=\"wp-block-image\"><img loading=\"lazy\" decoding=\"async\" width=\"240\" height=\"43\" src=\"https:\/\/rcg-ag.com\/wp-content\/uploads\/2019\/05\/eurofer.jpg\" alt=\"\" class=\"wp-image-866\"\/><\/figure>\n\n\n\n<p><strong>European Steel Association<\/strong><br><\/p>\n\n\n\n<div style=\"height:40px\" aria-hidden=\"true\" class=\"wp-block-spacer\"><\/div>\n\n\n\n<figure class=\"wp-block-image\"><img loading=\"lazy\" decoding=\"async\" width=\"260\" height=\"78\" src=\"https:\/\/rcg-ag.com\/wp-content\/uploads\/2019\/05\/eurometal.jpg\" alt=\"\" class=\"wp-image-867\"\/><\/figure>\n\n\n\n<p><strong>European Association of Steel Traders, Flat Service Centers and Steel Stockholders<\/strong><br><strong><br><\/strong><\/p>\n\n\n\n<div style=\"height:40px\" aria-hidden=\"true\" class=\"wp-block-spacer\"><\/div>\n\n\n\n<p><\/p>\n<\/div>\n<\/div>\n","protected":false},"excerpt":{"rendered":"<p>Unsere Kooperation mit den f\u00fchrenden europ\u00e4ischen Bildungs- und Forschungsinstitutionen erm\u00f6glicht eine optimale Schnittstelle zwischen Branchenwissen im Bereich der Stahl-, Metall- &amp; Mining-Industrie sowie Fachwissen und methodischem Know-How aus der Forschung. Universit\u00e4t St.Gallen (HSG)St. Gallen, Schweiz Expertise: Produktions- und Prozessmanagement einschlie\u00dflich Digitalisierung. RWTH Aachen, FIR (Forschungsinstitut f\u00fcr Rationalisierung)Aachen, Deutschland Expertise: Produktions-, Instandhaltungs- und Servicemanagement einschlie\u00dflich Digitalisierung. [&hellip;]<\/p>\n","protected":false},"author":4,"featured_media":0,"parent":0,"menu_order":8,"comment_status":"closed","ping_status":"closed","template":"","meta":{"_acf_changed":false,"footnotes":""},"class_list":["post-1698","page","type-page","status-publish","hentry"],"acf":[],"yoast_head":"<!-- This site is optimized with the Yoast SEO plugin v24.3 - https:\/\/yoast.com\/wordpress\/plugins\/seo\/ -->\n<title>Industrie-Engagement - Research &amp; Consulting (Deutschland) GmbH<\/title>\n<meta name=\"robots\" content=\"index, follow, max-snippet:-1, max-image-preview:large, max-video-preview:-1\" \/>\n<link rel=\"canonical\" href=\"https:\/\/rcg-ag.com\/de\/industrie-engagement\/\" \/>\n<meta property=\"og:locale\" content=\"de_DE\" \/>\n<meta property=\"og:type\" content=\"article\" \/>\n<meta property=\"og:title\" content=\"Industrie-Engagement - Research &amp; Consulting (Deutschland) GmbH\" \/>\n<meta property=\"og:description\" content=\"Unsere Kooperation mit den f\u00fchrenden europ\u00e4ischen Bildungs- und Forschungsinstitutionen erm\u00f6glicht eine optimale Schnittstelle zwischen Branchenwissen im Bereich der Stahl-, Metall- &amp; Mining-Industrie sowie Fachwissen und methodischem Know-How aus der Forschung. Universit\u00e4t St.Gallen (HSG)St. Gallen, Schweiz Expertise: Produktions- und Prozessmanagement einschlie\u00dflich Digitalisierung. RWTH Aachen, FIR (Forschungsinstitut f\u00fcr Rationalisierung)Aachen, Deutschland Expertise: Produktions-, Instandhaltungs- und Servicemanagement einschlie\u00dflich Digitalisierung. [&hellip;]\" \/>\n<meta property=\"og:url\" content=\"https:\/\/rcg-ag.com\/de\/industrie-engagement\/\" \/>\n<meta property=\"og:site_name\" content=\"Research &amp; Consulting (Deutschland) GmbH\" \/>\n<meta property=\"article:modified_time\" content=\"2022-03-31T10:20:30+00:00\" \/>\n<meta property=\"og:image\" content=\"https:\/\/rcg-ag.com\/wp-content\/uploads\/2019\/05\/bds.jpg\" \/>\n<meta name=\"twitter:card\" content=\"summary_large_image\" \/>\n<meta name=\"twitter:label1\" content=\"Gesch\u00e4tzte Lesezeit\" \/>\n\t<meta name=\"twitter:data1\" content=\"2\u00a0Minuten\" \/>\n<script type=\"application\/ld+json\" class=\"yoast-schema-graph\">{\"@context\":\"https:\/\/schema.org\",\"@graph\":[{\"@type\":\"WebPage\",\"@id\":\"https:\/\/rcg-ag.com\/de\/industrie-engagement\/\",\"url\":\"https:\/\/rcg-ag.com\/de\/industrie-engagement\/\",\"name\":\"Industrie-Engagement - Research &amp; Consulting (Deutschland) GmbH\",\"isPartOf\":{\"@id\":\"https:\/\/rcg-ag.com\/de\/#website\"},\"primaryImageOfPage\":{\"@id\":\"https:\/\/rcg-ag.com\/de\/industrie-engagement\/#primaryimage\"},\"image\":{\"@id\":\"https:\/\/rcg-ag.com\/de\/industrie-engagement\/#primaryimage\"},\"thumbnailUrl\":\"https:\/\/rcg-ag.com\/wp-content\/uploads\/2019\/05\/bds.jpg\",\"datePublished\":\"2019-09-18T09:37:46+00:00\",\"dateModified\":\"2022-03-31T10:20:30+00:00\",\"breadcrumb\":{\"@id\":\"https:\/\/rcg-ag.com\/de\/industrie-engagement\/#breadcrumb\"},\"inLanguage\":\"de\",\"potentialAction\":[{\"@type\":\"ReadAction\",\"target\":[\"https:\/\/rcg-ag.com\/de\/industrie-engagement\/\"]}]},{\"@type\":\"ImageObject\",\"inLanguage\":\"de\",\"@id\":\"https:\/\/rcg-ag.com\/de\/industrie-engagement\/#primaryimage\",\"url\":\"https:\/\/rcg-ag.com\/wp-content\/uploads\/2019\/05\/bds.jpg\",\"contentUrl\":\"https:\/\/rcg-ag.com\/wp-content\/uploads\/2019\/05\/bds.jpg\"},{\"@type\":\"BreadcrumbList\",\"@id\":\"https:\/\/rcg-ag.com\/de\/industrie-engagement\/#breadcrumb\",\"itemListElement\":[{\"@type\":\"ListItem\",\"position\":1,\"name\":\"Startseite\",\"item\":\"https:\/\/rcg-ag.com\/de\/\"},{\"@type\":\"ListItem\",\"position\":2,\"name\":\"Industrie-Engagement\"}]},{\"@type\":\"WebSite\",\"@id\":\"https:\/\/rcg-ag.com\/de\/#website\",\"url\":\"https:\/\/rcg-ag.com\/de\/\",\"name\":\"Research &amp; Consulting (Deutschland) GmbH\",\"description\":\"\",\"publisher\":{\"@id\":\"https:\/\/rcg-ag.com\/de\/#organization\"},\"potentialAction\":[{\"@type\":\"SearchAction\",\"target\":{\"@type\":\"EntryPoint\",\"urlTemplate\":\"https:\/\/rcg-ag.com\/de\/?s={search_term_string}\"},\"query-input\":{\"@type\":\"PropertyValueSpecification\",\"valueRequired\":true,\"valueName\":\"search_term_string\"}}],\"inLanguage\":\"de\"},{\"@type\":\"Organization\",\"@id\":\"https:\/\/rcg-ag.com\/de\/#organization\",\"name\":\"Research & Consulting Group\",\"url\":\"https:\/\/rcg-ag.com\/de\/\",\"logo\":{\"@type\":\"ImageObject\",\"inLanguage\":\"de\",\"@id\":\"https:\/\/rcg-ag.com\/de\/#\/schema\/logo\/image\/\",\"url\":\"https:\/\/rcg-ag.com\/wp-content\/uploads\/2019\/08\/thumbnail.jpg\",\"contentUrl\":\"https:\/\/rcg-ag.com\/wp-content\/uploads\/2019\/08\/thumbnail.jpg\",\"width\":319,\"height\":231,\"caption\":\"Research & Consulting Group\"},\"image\":{\"@id\":\"https:\/\/rcg-ag.com\/de\/#\/schema\/logo\/image\/\"},\"sameAs\":[\"https:\/\/www.linkedin.com\/in\/joachim-schroeder-20baa434\/\"]}]}<\/script>\n<!-- \/ Yoast SEO plugin. -->","yoast_head_json":{"title":"Industrie-Engagement - Research &amp; Consulting (Deutschland) GmbH","robots":{"index":"index","follow":"follow","max-snippet":"max-snippet:-1","max-image-preview":"max-image-preview:large","max-video-preview":"max-video-preview:-1"},"canonical":"https:\/\/rcg-ag.com\/de\/industrie-engagement\/","og_locale":"de_DE","og_type":"article","og_title":"Industrie-Engagement - Research &amp; Consulting (Deutschland) GmbH","og_description":"Unsere Kooperation mit den f\u00fchrenden europ\u00e4ischen Bildungs- und Forschungsinstitutionen erm\u00f6glicht eine optimale Schnittstelle zwischen Branchenwissen im Bereich der Stahl-, Metall- &amp; Mining-Industrie sowie Fachwissen und methodischem Know-How aus der Forschung. Universit\u00e4t St.Gallen (HSG)St. Gallen, Schweiz Expertise: Produktions- und Prozessmanagement einschlie\u00dflich Digitalisierung. RWTH Aachen, FIR (Forschungsinstitut f\u00fcr Rationalisierung)Aachen, Deutschland Expertise: Produktions-, Instandhaltungs- und Servicemanagement einschlie\u00dflich Digitalisierung. [&hellip;]","og_url":"https:\/\/rcg-ag.com\/de\/industrie-engagement\/","og_site_name":"Research &amp; Consulting (Deutschland) GmbH","article_modified_time":"2022-03-31T10:20:30+00:00","og_image":[{"url":"https:\/\/rcg-ag.com\/wp-content\/uploads\/2019\/05\/bds.jpg","type":"","width":"","height":""}],"twitter_card":"summary_large_image","twitter_misc":{"Gesch\u00e4tzte Lesezeit":"2\u00a0Minuten"},"schema":{"@context":"https:\/\/schema.org","@graph":[{"@type":"WebPage","@id":"https:\/\/rcg-ag.com\/de\/industrie-engagement\/","url":"https:\/\/rcg-ag.com\/de\/industrie-engagement\/","name":"Industrie-Engagement - Research &amp; Consulting (Deutschland) GmbH","isPartOf":{"@id":"https:\/\/rcg-ag.com\/de\/#website"},"primaryImageOfPage":{"@id":"https:\/\/rcg-ag.com\/de\/industrie-engagement\/#primaryimage"},"image":{"@id":"https:\/\/rcg-ag.com\/de\/industrie-engagement\/#primaryimage"},"thumbnailUrl":"https:\/\/rcg-ag.com\/wp-content\/uploads\/2019\/05\/bds.jpg","datePublished":"2019-09-18T09:37:46+00:00","dateModified":"2022-03-31T10:20:30+00:00","breadcrumb":{"@id":"https:\/\/rcg-ag.com\/de\/industrie-engagement\/#breadcrumb"},"inLanguage":"de","potentialAction":[{"@type":"ReadAction","target":["https:\/\/rcg-ag.com\/de\/industrie-engagement\/"]}]},{"@type":"ImageObject","inLanguage":"de","@id":"https:\/\/rcg-ag.com\/de\/industrie-engagement\/#primaryimage","url":"https:\/\/rcg-ag.com\/wp-content\/uploads\/2019\/05\/bds.jpg","contentUrl":"https:\/\/rcg-ag.com\/wp-content\/uploads\/2019\/05\/bds.jpg"},{"@type":"BreadcrumbList","@id":"https:\/\/rcg-ag.com\/de\/industrie-engagement\/#breadcrumb","itemListElement":[{"@type":"ListItem","position":1,"name":"Startseite","item":"https:\/\/rcg-ag.com\/de\/"},{"@type":"ListItem","position":2,"name":"Industrie-Engagement"}]},{"@type":"WebSite","@id":"https:\/\/rcg-ag.com\/de\/#website","url":"https:\/\/rcg-ag.com\/de\/","name":"Research &amp; Consulting (Deutschland) GmbH","description":"","publisher":{"@id":"https:\/\/rcg-ag.com\/de\/#organization"},"potentialAction":[{"@type":"SearchAction","target":{"@type":"EntryPoint","urlTemplate":"https:\/\/rcg-ag.com\/de\/?s={search_term_string}"},"query-input":{"@type":"PropertyValueSpecification","valueRequired":true,"valueName":"search_term_string"}}],"inLanguage":"de"},{"@type":"Organization","@id":"https:\/\/rcg-ag.com\/de\/#organization","name":"Research & Consulting Group","url":"https:\/\/rcg-ag.com\/de\/","logo":{"@type":"ImageObject","inLanguage":"de","@id":"https:\/\/rcg-ag.com\/de\/#\/schema\/logo\/image\/","url":"https:\/\/rcg-ag.com\/wp-content\/uploads\/2019\/08\/thumbnail.jpg","contentUrl":"https:\/\/rcg-ag.com\/wp-content\/uploads\/2019\/08\/thumbnail.jpg","width":319,"height":231,"caption":"Research & Consulting Group"},"image":{"@id":"https:\/\/rcg-ag.com\/de\/#\/schema\/logo\/image\/"},"sameAs":["https:\/\/www.linkedin.com\/in\/joachim-schroeder-20baa434\/"]}]}},"_links":{"self":[{"href":"https:\/\/rcg-ag.com\/de\/wp-json\/wp\/v2\/pages\/1698","targetHints":{"allow":["GET"]}}],"collection":[{"href":"https:\/\/rcg-ag.com\/de\/wp-json\/wp\/v2\/pages"}],"about":[{"href":"https:\/\/rcg-ag.com\/de\/wp-json\/wp\/v2\/types\/page"}],"author":[{"embeddable":true,"href":"https:\/\/rcg-ag.com\/de\/wp-json\/wp\/v2\/users\/4"}],"replies":[{"embeddable":true,"href":"https:\/\/rcg-ag.com\/de\/wp-json\/wp\/v2\/comments?post=1698"}],"version-history":[{"count":10,"href":"https:\/\/rcg-ag.com\/de\/wp-json\/wp\/v2\/pages\/1698\/revisions"}],"predecessor-version":[{"id":2548,"href":"https:\/\/rcg-ag.com\/de\/wp-json\/wp\/v2\/pages\/1698\/revisions\/2548"}],"wp:attachment":[{"href":"https:\/\/rcg-ag.com\/de\/wp-json\/wp\/v2\/media?parent=1698"}],"curies":[{"name":"wp","href":"https:\/\/api.w.org\/{rel}","templated":true}]}}