{"id":1695,"date":"2019-09-18T11:37:34","date_gmt":"2019-09-18T09:37:34","guid":{"rendered":"https:\/\/rcg-ag.com\/?page_id=1695"},"modified":"2026-01-20T13:30:36","modified_gmt":"2026-01-20T12:30:36","slug":"impressum","status":"publish","type":"page","link":"https:\/\/rcg-ag.com\/de\/impressum\/","title":{"rendered":"Impressum"},"content":{"rendered":"<div class=\"special-headline\"><h1 class=\"special-headline-title\">Impressum und Nutzungsbedingungen<\/h1><\/div>\n\n\n<p>Herausgeber und Betreiber dieser Webseite ist die Research &amp; Consulting Group AG, eine Aktiengesellschaft nach Schweizer Recht mit Hauptsitz in Pf\u00e4ffikon (Kanton Schwyz, Schweiz).<\/p>\n\n\n\n<div class=\"wp-block-columns has-2-columns is-layout-flex wp-container-core-columns-is-layout-1 wp-block-columns-is-layout-flex\">\n<div class=\"wp-block-column is-layout-flow wp-block-column-is-layout-flow\">\n<p><strong>Name &amp; Adresse Hauptsitz:<\/strong><\/p>\n\n\n\n<p>Research &amp; Consulting Group AG<br>Schindellegistrasse 73<br>8808 Pf\u00e4ffikon, SZ<br>SCHWEIZ<br><br><\/p>\n\n\n\n<p>Telefon: +41 (55) 420 15 55<br>E-Mail: <a href=\"mailto:info@rcg-ag.com\">info@rcg-ag.com<\/a><br>Web: <a href=\"http:\/\/www.rcg-ag.com\/\">www.rcg-ag.com<\/a><br><br><\/p>\n\n\n\n<p>Registereintrag:<br>Eingetragen im Handelsregister des Kantons Schwyz<br>Firmennummer: CHE-109.089.969<br><br><\/p>\n\n\n\n<p>Vertreten durch:<br>Vorstand: Joachim Schr\u00f6der<br><\/p>\n<\/div>\n<\/div>\n\n\n\n<div style=\"height:50px\" aria-hidden=\"true\" class=\"wp-block-spacer\"><\/div>\n\n\n\n<h3 class=\"wp-block-heading\">Disclaimer \u2013 rechtliche Hinweise<\/h3>\n\n\n\n<p>\u00a7 1 Warnhinweis zu Inhalten<br>\nDie kostenlosen und frei zug\u00e4nglichen Inhalte dieser Webseite wurden mit\ngr\u00f6\u00dftm\u00f6glicher Sorgfalt erstellt. Der Anbieter dieser Webseite \u00fcbernimmt jedoch\nkeine Gew\u00e4hr f\u00fcr die Richtigkeit und Aktualit\u00e4t der bereitgestellten\nkostenlosen und frei zug\u00e4nglichen journalistischen Ratgeber und Nachrichten.\nNamentlich gekennzeichnete Beitr\u00e4ge geben die Meinung des jeweiligen Autors und\nnicht immer die Meinung des Anbieters wieder. Allein durch den Aufruf der\nkostenlosen und frei zug\u00e4nglichen Inhalte kommt keinerlei Vertragsverh\u00e4ltnis\nzwischen dem Nutzer und dem Anbieter zustande, insoweit fehlt es am\nRechtsbindungswillen des Anbieters.<\/p>\n\n\n\n<p>\u00a7 2 Externe Links<br>\nDiese Website enth\u00e4lt Verkn\u00fcpfungen zu Websites Dritter (\u201cexterne Links\u201d).\nDiese Websites unterliegen der Haftung der jeweiligen Betreiber. Der Anbieter\nhat bei der erstmaligen Verkn\u00fcpfung der externen Links die fremden Inhalte\ndaraufhin \u00fcberpr\u00fcft, ob etwaige Rechtsverst\u00f6\u00dfe bestehen. Zu dem Zeitpunkt waren\nkeine Rechtsverst\u00f6\u00dfe ersichtlich. Der Anbieter hat keinerlei Einfluss auf die\naktuelle und zuk\u00fcnftige Gestaltung und auf die Inhalte der verkn\u00fcpften Seiten.\nDas Setzen von externen Links bedeutet nicht, dass sich der Anbieter die hinter\ndem Verweis oder Link liegenden Inhalte zu Eigen macht. Eine st\u00e4ndige Kontrolle\nder externen Links ist f\u00fcr den Anbieter ohne konkrete Hinweise auf\nRechtsverst\u00f6\u00dfe nicht zumutbar. Bei Kenntnis von Rechtsverst\u00f6\u00dfen werden jedoch\nderartige externe Links unverz\u00fcglich gel\u00f6scht.<\/p>\n\n\n\n<p>\u00a7 3 Urheber- und Leistungsschutzrechte<br>\nDie auf dieser Website ver\u00f6ffentlichten Inhalte unterliegen dem deutschen\nUrheber- und Leistungsschutzrecht. Jede vom deutschen Urheber- und\nLeistungsschutzrecht nicht zugelassene Verwertung bedarf der vorherigen\nschriftlichen Zustimmung des Anbieters oder jeweiligen Rechteinhabers. Dies\ngilt insbesondere f\u00fcr Vervielf\u00e4ltigung, Bearbeitung, \u00dcbersetzung,\nEinspeicherung, Verarbeitung bzw. Wiedergabe von Inhalten in Datenbanken oder\nanderen elektronischen Medien und Systemen. Inhalte und Rechte Dritter sind\ndabei als solche gekennzeichnet. Die unerlaubte Vervielf\u00e4ltigung oder\nWeitergabe einzelner Inhalte oder kompletter Seiten ist nicht gestattet und\nstrafbar. Lediglich die Herstellung von Kopien und Downloads f\u00fcr den\npers\u00f6nlichen, privaten und nicht kommerziellen Gebrauch ist erlaubt.<\/p>\n\n\n\n<p>Die Darstellung dieser Website in fremden Frames ist nur\nmit schriftlicher Erlaubnis zul\u00e4ssig.<\/p>\n\n\n\n<p>\u00a7 4 Besondere Nutzungsbedingungen<br>\nSoweit besondere Bedingungen f\u00fcr einzelne Nutzungen dieser Website von den\nvorgenannten Paragraphen abweichen, wird an entsprechender Stelle ausdr\u00fccklich darauf\nhingewiesen. In diesem Falle gelten im jeweiligen Einzelfall die besonderen\nNutzungsbedingungen.<\/p>\n\n\n\n<p>Quelle:&nbsp;<a href=\"https:\/\/www.juraforum.de\/impressum-generator\/\">Impressum Muster von\nJuraForum.de<\/a><\/p>\n\n\n\n<hr class=\"wp-block-separator has-css-opacity\"\/>\n\n\n\n<p>Research\n&amp; Consulting Group (\u201cRCG\u201d) provides this website (the \u201cWebsite\u201d) according\nto the following terms and conditions (\u201cTerms of Use\u201d). By accessing and using\nthis Website, you agree to the following Terms of Use. If you do not agree to\nabide by these or any future Terms of Use, do not use or access this Website.<\/p>\n\n\n\n<p><strong>1. Limitation of Liability<\/strong><\/p>\n\n\n\n<p>The\ncontents of this website are created with utmost care. The provider does not\nwarrant the accuracy, completeness or timeliness of the content provided. Use\nof the content of the Website is at your own risk. Contributions identified by\nname reflect the opinion of the author and not necessarily the opinion of the\nprovider. The mere use of this website does not create any contractual\nrelationship between the user and the provider.<\/p>\n\n\n\n<p><strong>2. External Links<\/strong><\/p>\n\n\n\n<p>This\nwebsite contains links to other websites (\u201cexternal links\u201d). These websites are\nsubject to liability of the respective owner. When making the first connection\nto the external links, the provider has checked its content for legal\nviolations. At the time no violations were found. The provider has no influence\non the current and future design and the content of linked pages. The inclusion\nof external links does not mean that the provider adopts the reference or link\ncontent as its own. Constant monitoring of these external links is not\nreasonable for the provider without concrete evidence of legal violations. With\nknowledge of statutory violations, such external links will be deleted\nimmediately.<\/p>\n\n\n\n<p><strong>3. Copyright and ancillary copyright<\/strong><\/p>\n\n\n\n<p>The\ninformation published on this website is subject to German copyright and\nancillary copyright. Each of the German copyright and ancillary copyright laws\nshall require the prior written consent of the provider or their respective\nowners. This applies in particular to reproduction, adaptation, translation,\nstorage, processing, and repetition of contents in databases or other\nelectronic media and systems. Contents and rights of third parties are marked\nas such. The unauthorized reproduction or distribution of individual contents\nor entire pages is prohibited and punishable. Only the production of copies and\ndownloads for personal, private and non-commercial use is permitted.<br>\nThe presentation of this website in external frames is only allowed with\nwritten permission.<\/p>\n\n\n\n<p><strong>4. Privacy Policy<\/strong><\/p>\n\n\n\n<p>By\nvisiting the website of the provider information about the access (date, time,\npage viewed) are saved. These data are not personalized, they are anonymous. It\nis used solely for statistical purposes. Disclosure to third parties for\ncommercial or noncommercial purposes does not occur. The provider explicitly\npoints out that data transmission over the Internet (e.g. via communication by\ne-mail) exhibits security vulnerabilities and cannot be completely protected\nagainst access by third parties. The use of the contact information about us\nfor commercial advertisements is explicitly undesired, unless the provider has\ngiven his written consent beforehand or there is already a business\nrelationship. The provider and all persons named on this website hereby object\nto any commercial use and disclosure of their data.<\/p>\n\n\n\n<p><strong>5. Special Conditions of Use<\/strong><\/p>\n\n\n\n<p>As\nfar as special conditions for individual uses of this site differ from the\nabove numbers 1 to 4, this is explicitly indicated at the appropriate place. If\napplicable, in each individual case the specific conditions of use apply.<\/p>\n\n\n\n<p><em>Source: Disclaimer of Juraforum.de in cooperation with the legal press distributor connektar.de<\/em><\/p>\n\n\n\n<div style=\"height:50px\" aria-hidden=\"true\" class=\"wp-block-spacer\"><\/div>\n\n\n\n<h3 class=\"wp-block-heading\">Purchased pictures<\/h3>\n\n\n\n<p><strong>Adobe Stock:<\/strong><\/p>\n\n\n\n<ul class=\"wp-block-list\">\n<li>#234168971 &#8211; \u00a9Opolja<\/li>\n\n\n\n<li>#214492203 &#8211; \u00a9DedMityay<\/li>\n\n\n\n<li>#86446144 &#8211; \u00a9kentoh<\/li>\n\n\n\n<li>#139418026 &#8211; \u00a9tatomm<\/li>\n\n\n\n<li>#234429689 &#8211; \u00a9Ivan Traimak<\/li>\n\n\n\n<li>#14240675 &#8211; \u00a9zentilia<\/li>\n\n\n\n<li>#142969488 &#8211; \u00a9Baronb<\/li>\n\n\n\n<li>#168245762 &#8211; \u00a9Visions-AD<\/li>\n\n\n\n<li>#123358801 &#8211; \u00a9industrieblick<\/li>\n<\/ul>\n\n\n\n<p><\/p>\n","protected":false},"excerpt":{"rendered":"<p>Herausgeber und Betreiber dieser Webseite ist die Research &amp; Consulting Group AG, eine Aktiengesellschaft nach Schweizer Recht mit Hauptsitz in Pf\u00e4ffikon (Kanton Schwyz, Schweiz). Name &amp; Adresse Hauptsitz: Research &amp; Consulting Group AGSchindellegistrasse 738808 Pf\u00e4ffikon, SZSCHWEIZ Telefon: +41 (55) 420 15 55E-Mail: info@rcg-ag.comWeb: www.rcg-ag.com Registereintrag:Eingetragen im Handelsregister des Kantons SchwyzFirmennummer: CHE-109.089.969 Vertreten durch:Vorstand: Joachim Schr\u00f6der [&hellip;]<\/p>\n","protected":false},"author":4,"featured_media":0,"parent":0,"menu_order":18,"comment_status":"closed","ping_status":"closed","template":"","meta":{"_acf_changed":false,"footnotes":""},"class_list":["post-1695","page","type-page","status-publish","hentry"],"acf":[],"yoast_head":"<!-- This site is optimized with the Yoast SEO plugin v24.3 - https:\/\/yoast.com\/wordpress\/plugins\/seo\/ -->\n<title>Impressum - Research &amp; Consulting (Deutschland) GmbH<\/title>\n<meta name=\"robots\" content=\"index, follow, max-snippet:-1, max-image-preview:large, max-video-preview:-1\" \/>\n<link rel=\"canonical\" href=\"https:\/\/rcg-ag.com\/de\/impressum\/\" \/>\n<meta property=\"og:locale\" content=\"de_DE\" \/>\n<meta property=\"og:type\" content=\"article\" \/>\n<meta property=\"og:title\" content=\"Impressum - Research &amp; Consulting (Deutschland) GmbH\" \/>\n<meta property=\"og:description\" content=\"Herausgeber und Betreiber dieser Webseite ist die Research &amp; Consulting Group AG, eine Aktiengesellschaft nach Schweizer Recht mit Hauptsitz in Pf\u00e4ffikon (Kanton Schwyz, Schweiz). Name &amp; Adresse Hauptsitz: Research &amp; Consulting Group AGSchindellegistrasse 738808 Pf\u00e4ffikon, SZSCHWEIZ Telefon: +41 (55) 420 15 55E-Mail: info@rcg-ag.comWeb: www.rcg-ag.com Registereintrag:Eingetragen im Handelsregister des Kantons SchwyzFirmennummer: CHE-109.089.969 Vertreten durch:Vorstand: Joachim Schr\u00f6der [&hellip;]\" \/>\n<meta property=\"og:url\" content=\"https:\/\/rcg-ag.com\/de\/impressum\/\" \/>\n<meta property=\"og:site_name\" content=\"Research &amp; Consulting (Deutschland) GmbH\" \/>\n<meta property=\"article:modified_time\" content=\"2026-01-20T12:30:36+00:00\" \/>\n<meta name=\"twitter:card\" content=\"summary_large_image\" \/>\n<meta name=\"twitter:label1\" content=\"Gesch\u00e4tzte Lesezeit\" \/>\n\t<meta name=\"twitter:data1\" content=\"6\u00a0Minuten\" \/>\n<script type=\"application\/ld+json\" class=\"yoast-schema-graph\">{\"@context\":\"https:\/\/schema.org\",\"@graph\":[{\"@type\":\"WebPage\",\"@id\":\"https:\/\/rcg-ag.com\/de\/impressum\/\",\"url\":\"https:\/\/rcg-ag.com\/de\/impressum\/\",\"name\":\"Impressum - Research &amp; Consulting (Deutschland) GmbH\",\"isPartOf\":{\"@id\":\"https:\/\/rcg-ag.com\/de\/#website\"},\"datePublished\":\"2019-09-18T09:37:34+00:00\",\"dateModified\":\"2026-01-20T12:30:36+00:00\",\"breadcrumb\":{\"@id\":\"https:\/\/rcg-ag.com\/de\/impressum\/#breadcrumb\"},\"inLanguage\":\"de\",\"potentialAction\":[{\"@type\":\"ReadAction\",\"target\":[\"https:\/\/rcg-ag.com\/de\/impressum\/\"]}]},{\"@type\":\"BreadcrumbList\",\"@id\":\"https:\/\/rcg-ag.com\/de\/impressum\/#breadcrumb\",\"itemListElement\":[{\"@type\":\"ListItem\",\"position\":1,\"name\":\"Startseite\",\"item\":\"https:\/\/rcg-ag.com\/de\/\"},{\"@type\":\"ListItem\",\"position\":2,\"name\":\"Impressum\"}]},{\"@type\":\"WebSite\",\"@id\":\"https:\/\/rcg-ag.com\/de\/#website\",\"url\":\"https:\/\/rcg-ag.com\/de\/\",\"name\":\"Research &amp; Consulting (Deutschland) GmbH\",\"description\":\"\",\"publisher\":{\"@id\":\"https:\/\/rcg-ag.com\/de\/#organization\"},\"potentialAction\":[{\"@type\":\"SearchAction\",\"target\":{\"@type\":\"EntryPoint\",\"urlTemplate\":\"https:\/\/rcg-ag.com\/de\/?s={search_term_string}\"},\"query-input\":{\"@type\":\"PropertyValueSpecification\",\"valueRequired\":true,\"valueName\":\"search_term_string\"}}],\"inLanguage\":\"de\"},{\"@type\":\"Organization\",\"@id\":\"https:\/\/rcg-ag.com\/de\/#organization\",\"name\":\"Research & Consulting Group\",\"url\":\"https:\/\/rcg-ag.com\/de\/\",\"logo\":{\"@type\":\"ImageObject\",\"inLanguage\":\"de\",\"@id\":\"https:\/\/rcg-ag.com\/de\/#\/schema\/logo\/image\/\",\"url\":\"https:\/\/rcg-ag.com\/wp-content\/uploads\/2019\/08\/thumbnail.jpg\",\"contentUrl\":\"https:\/\/rcg-ag.com\/wp-content\/uploads\/2019\/08\/thumbnail.jpg\",\"width\":319,\"height\":231,\"caption\":\"Research & Consulting Group\"},\"image\":{\"@id\":\"https:\/\/rcg-ag.com\/de\/#\/schema\/logo\/image\/\"},\"sameAs\":[\"https:\/\/www.linkedin.com\/in\/joachim-schroeder-20baa434\/\"]}]}<\/script>\n<!-- \/ Yoast SEO plugin. -->","yoast_head_json":{"title":"Impressum - Research &amp; Consulting (Deutschland) GmbH","robots":{"index":"index","follow":"follow","max-snippet":"max-snippet:-1","max-image-preview":"max-image-preview:large","max-video-preview":"max-video-preview:-1"},"canonical":"https:\/\/rcg-ag.com\/de\/impressum\/","og_locale":"de_DE","og_type":"article","og_title":"Impressum - Research &amp; Consulting (Deutschland) GmbH","og_description":"Herausgeber und Betreiber dieser Webseite ist die Research &amp; Consulting Group AG, eine Aktiengesellschaft nach Schweizer Recht mit Hauptsitz in Pf\u00e4ffikon (Kanton Schwyz, Schweiz). Name &amp; Adresse Hauptsitz: Research &amp; Consulting Group AGSchindellegistrasse 738808 Pf\u00e4ffikon, SZSCHWEIZ Telefon: +41 (55) 420 15 55E-Mail: info@rcg-ag.comWeb: www.rcg-ag.com Registereintrag:Eingetragen im Handelsregister des Kantons SchwyzFirmennummer: CHE-109.089.969 Vertreten durch:Vorstand: Joachim Schr\u00f6der [&hellip;]","og_url":"https:\/\/rcg-ag.com\/de\/impressum\/","og_site_name":"Research &amp; Consulting (Deutschland) GmbH","article_modified_time":"2026-01-20T12:30:36+00:00","twitter_card":"summary_large_image","twitter_misc":{"Gesch\u00e4tzte Lesezeit":"6\u00a0Minuten"},"schema":{"@context":"https:\/\/schema.org","@graph":[{"@type":"WebPage","@id":"https:\/\/rcg-ag.com\/de\/impressum\/","url":"https:\/\/rcg-ag.com\/de\/impressum\/","name":"Impressum - Research &amp; Consulting (Deutschland) GmbH","isPartOf":{"@id":"https:\/\/rcg-ag.com\/de\/#website"},"datePublished":"2019-09-18T09:37:34+00:00","dateModified":"2026-01-20T12:30:36+00:00","breadcrumb":{"@id":"https:\/\/rcg-ag.com\/de\/impressum\/#breadcrumb"},"inLanguage":"de","potentialAction":[{"@type":"ReadAction","target":["https:\/\/rcg-ag.com\/de\/impressum\/"]}]},{"@type":"BreadcrumbList","@id":"https:\/\/rcg-ag.com\/de\/impressum\/#breadcrumb","itemListElement":[{"@type":"ListItem","position":1,"name":"Startseite","item":"https:\/\/rcg-ag.com\/de\/"},{"@type":"ListItem","position":2,"name":"Impressum"}]},{"@type":"WebSite","@id":"https:\/\/rcg-ag.com\/de\/#website","url":"https:\/\/rcg-ag.com\/de\/","name":"Research &amp; Consulting (Deutschland) GmbH","description":"","publisher":{"@id":"https:\/\/rcg-ag.com\/de\/#organization"},"potentialAction":[{"@type":"SearchAction","target":{"@type":"EntryPoint","urlTemplate":"https:\/\/rcg-ag.com\/de\/?s={search_term_string}"},"query-input":{"@type":"PropertyValueSpecification","valueRequired":true,"valueName":"search_term_string"}}],"inLanguage":"de"},{"@type":"Organization","@id":"https:\/\/rcg-ag.com\/de\/#organization","name":"Research & Consulting Group","url":"https:\/\/rcg-ag.com\/de\/","logo":{"@type":"ImageObject","inLanguage":"de","@id":"https:\/\/rcg-ag.com\/de\/#\/schema\/logo\/image\/","url":"https:\/\/rcg-ag.com\/wp-content\/uploads\/2019\/08\/thumbnail.jpg","contentUrl":"https:\/\/rcg-ag.com\/wp-content\/uploads\/2019\/08\/thumbnail.jpg","width":319,"height":231,"caption":"Research & Consulting Group"},"image":{"@id":"https:\/\/rcg-ag.com\/de\/#\/schema\/logo\/image\/"},"sameAs":["https:\/\/www.linkedin.com\/in\/joachim-schroeder-20baa434\/"]}]}},"_links":{"self":[{"href":"https:\/\/rcg-ag.com\/de\/wp-json\/wp\/v2\/pages\/1695","targetHints":{"allow":["GET"]}}],"collection":[{"href":"https:\/\/rcg-ag.com\/de\/wp-json\/wp\/v2\/pages"}],"about":[{"href":"https:\/\/rcg-ag.com\/de\/wp-json\/wp\/v2\/types\/page"}],"author":[{"embeddable":true,"href":"https:\/\/rcg-ag.com\/de\/wp-json\/wp\/v2\/users\/4"}],"replies":[{"embeddable":true,"href":"https:\/\/rcg-ag.com\/de\/wp-json\/wp\/v2\/comments?post=1695"}],"version-history":[{"count":5,"href":"https:\/\/rcg-ag.com\/de\/wp-json\/wp\/v2\/pages\/1695\/revisions"}],"predecessor-version":[{"id":2801,"href":"https:\/\/rcg-ag.com\/de\/wp-json\/wp\/v2\/pages\/1695\/revisions\/2801"}],"wp:attachment":[{"href":"https:\/\/rcg-ag.com\/de\/wp-json\/wp\/v2\/media?parent=1695"}],"curies":[{"name":"wp","href":"https:\/\/api.w.org\/{rel}","templated":true}]}}