{"id":1684,"date":"2019-09-18T11:35:13","date_gmt":"2019-09-18T09:35:13","guid":{"rendered":"https:\/\/rcg-ag.com\/?page_id=1684"},"modified":"2022-05-06T11:09:31","modified_gmt":"2022-05-06T09:09:31","slug":"wie-wir-mit-unseren-kunden-zusammenarbeiten","status":"publish","type":"page","link":"https:\/\/rcg-ag.com\/de\/unsere-kunden\/wie-wir-mit-unseren-kunden-zusammenarbeiten\/","title":{"rendered":"Wie wir mit unseren Kunden zusammenarbeiten"},"content":{"rendered":"<div class=\"special-headline\"><h1 class=\"special-headline-title\">Wie wir mit unseren Kunden zusammenarbeiten<\/h1><p class=\"sub-headline\">Unsere Arbeit ist gepr\u00e4gt von<\/p><\/div>\n\n\n<ul class=\"wp-block-list\"><li><strong>Objektivit\u00e4t:<\/strong><em> <\/em>unsere Arbeit wird nicht durch das Bestreben beeintr\u00e4chtigt, Nachfolgeprojekte im Bereich Engineering, IT-Implementierung oder Outsourcing zu verkaufen <\/li><li><strong>Aktive Beteiligung der Gesch\u00e4ftsf\u00fchrer und Managing Partner:<\/strong><em> <\/em>nicht nur bei der Akquisition, sondern in allen Phasen der Projektdurchf\u00fchrung <\/li><li><strong>Kundenzusammenarbeit:<\/strong>&nbsp; wir arbeiten in enger Zusammenarbeit mit unseren Kunden, unter Ber\u00fccksichtigung der Ansichten und Zielvorgaben aller Stakeholder, ohne dabei unsere Unabh\u00e4ngigkeit zu verlieren<\/li><li><strong>Branchenkenntnisse:<\/strong> Unsere Mitarbeiter verf\u00fcgen \u00fcber direkte Erfahrung aus der Industrie; sie sind keine branchen\u00fcbergreifenden Generalisten<\/li><li><strong>Interne Synergien:<\/strong><em><strong> <\/strong><\/em>Unsere Teams m\u00fcssen keine internen organisatorischen Grenzen \u00fcberwinden, um Erkenntnisse aus anderen Beratungsfeldern zu integrieren<\/li><\/ul>\n\n\n\n<h2 class=\"wp-block-heading\"><br><strong>Unsere Arbeit ist hypothesenorientiert; und unsere Ergebnisse sind faktenbasiert.<\/strong><\/h2>\n\n\n\n<div class=\"wp-block-columns has-2-columns is-layout-flex wp-container-core-columns-is-layout-1 wp-block-columns-is-layout-flex\">\n<div class=\"wp-block-column is-layout-flow wp-block-column-is-layout-flow\">\n<p>Wir beginnen unsere Projekte nicht mit einem leeren Blatt Papier, auf das unsere Kunden ihre eigenen Strategien schreiben k\u00f6nnen, damit wir diese einfach nur absegnen. Wir beginnen auch nicht mit vorgefertigten Antworten, welche das Projekt lediglich best\u00e4tigen soll.&nbsp; <\/p>\n<\/div>\n\n\n\n<div class=\"wp-block-column is-layout-flow wp-block-column-is-layout-flow\">\n<p> Vielmehr identifizieren und entwickeln wir erste Hypothesen zu den kritischen Fragestellungen, welche dem Projekt zugrunde liegen, und \u00fcberpr\u00fcfen diese anhand der Fakten, welche w\u00e4hrend des Projektes erarbeitet werden, und welche die Hypothesen entsprechend validieren oder ersetzen.<\/p>\n<\/div>\n<\/div>\n","protected":false},"excerpt":{"rendered":"<p>Objektivit\u00e4t: unsere Arbeit wird nicht durch das Bestreben beeintr\u00e4chtigt, Nachfolgeprojekte im Bereich Engineering, IT-Implementierung oder Outsourcing zu verkaufen Aktive Beteiligung der Gesch\u00e4ftsf\u00fchrer und Managing Partner: nicht nur bei der Akquisition, sondern in allen Phasen der Projektdurchf\u00fchrung Kundenzusammenarbeit:&nbsp; wir arbeiten in enger Zusammenarbeit mit unseren Kunden, unter Ber\u00fccksichtigung der Ansichten und Zielvorgaben aller Stakeholder, ohne dabei [&hellip;]<\/p>\n","protected":false},"author":4,"featured_media":0,"parent":1682,"menu_order":6,"comment_status":"closed","ping_status":"closed","template":"","meta":{"_acf_changed":false,"footnotes":""},"class_list":["post-1684","page","type-page","status-publish","hentry"],"acf":[],"yoast_head":"<!-- This site is optimized with the Yoast SEO plugin v24.3 - https:\/\/yoast.com\/wordpress\/plugins\/seo\/ -->\n<title>Wie wir mit unseren Kunden zusammenarbeiten - Research &amp; Consulting (Deutschland) GmbH<\/title>\n<meta name=\"robots\" content=\"index, follow, max-snippet:-1, max-image-preview:large, max-video-preview:-1\" \/>\n<link rel=\"canonical\" href=\"https:\/\/rcg-ag.com\/de\/unsere-kunden\/wie-wir-mit-unseren-kunden-zusammenarbeiten\/\" \/>\n<meta property=\"og:locale\" content=\"de_DE\" \/>\n<meta property=\"og:type\" content=\"article\" \/>\n<meta property=\"og:title\" content=\"Wie wir mit unseren Kunden zusammenarbeiten - Research &amp; Consulting (Deutschland) GmbH\" \/>\n<meta property=\"og:description\" content=\"Objektivit\u00e4t: unsere Arbeit wird nicht durch das Bestreben beeintr\u00e4chtigt, Nachfolgeprojekte im Bereich Engineering, IT-Implementierung oder Outsourcing zu verkaufen Aktive Beteiligung der Gesch\u00e4ftsf\u00fchrer und Managing Partner: nicht nur bei der Akquisition, sondern in allen Phasen der Projektdurchf\u00fchrung Kundenzusammenarbeit:&nbsp; wir arbeiten in enger Zusammenarbeit mit unseren Kunden, unter Ber\u00fccksichtigung der Ansichten und Zielvorgaben aller Stakeholder, ohne dabei [&hellip;]\" \/>\n<meta property=\"og:url\" content=\"https:\/\/rcg-ag.com\/de\/unsere-kunden\/wie-wir-mit-unseren-kunden-zusammenarbeiten\/\" \/>\n<meta property=\"og:site_name\" content=\"Research &amp; Consulting (Deutschland) GmbH\" \/>\n<meta property=\"article:modified_time\" content=\"2022-05-06T09:09:31+00:00\" \/>\n<meta name=\"twitter:card\" content=\"summary_large_image\" \/>\n<meta name=\"twitter:label1\" content=\"Gesch\u00e4tzte Lesezeit\" \/>\n\t<meta name=\"twitter:data1\" content=\"1\u00a0Minute\" \/>\n<script type=\"application\/ld+json\" class=\"yoast-schema-graph\">{\"@context\":\"https:\/\/schema.org\",\"@graph\":[{\"@type\":\"WebPage\",\"@id\":\"https:\/\/rcg-ag.com\/de\/unsere-kunden\/wie-wir-mit-unseren-kunden-zusammenarbeiten\/\",\"url\":\"https:\/\/rcg-ag.com\/de\/unsere-kunden\/wie-wir-mit-unseren-kunden-zusammenarbeiten\/\",\"name\":\"Wie wir mit unseren Kunden zusammenarbeiten - Research &amp; Consulting (Deutschland) GmbH\",\"isPartOf\":{\"@id\":\"https:\/\/rcg-ag.com\/de\/#website\"},\"datePublished\":\"2019-09-18T09:35:13+00:00\",\"dateModified\":\"2022-05-06T09:09:31+00:00\",\"breadcrumb\":{\"@id\":\"https:\/\/rcg-ag.com\/de\/unsere-kunden\/wie-wir-mit-unseren-kunden-zusammenarbeiten\/#breadcrumb\"},\"inLanguage\":\"de\",\"potentialAction\":[{\"@type\":\"ReadAction\",\"target\":[\"https:\/\/rcg-ag.com\/de\/unsere-kunden\/wie-wir-mit-unseren-kunden-zusammenarbeiten\/\"]}]},{\"@type\":\"BreadcrumbList\",\"@id\":\"https:\/\/rcg-ag.com\/de\/unsere-kunden\/wie-wir-mit-unseren-kunden-zusammenarbeiten\/#breadcrumb\",\"itemListElement\":[{\"@type\":\"ListItem\",\"position\":1,\"name\":\"Startseite\",\"item\":\"https:\/\/rcg-ag.com\/de\/\"},{\"@type\":\"ListItem\",\"position\":2,\"name\":\"Unsere Kunden\",\"item\":\"https:\/\/rcg-ag.com\/de\/unsere-kunden\/\"},{\"@type\":\"ListItem\",\"position\":3,\"name\":\"Wie wir mit unseren Kunden zusammenarbeiten\"}]},{\"@type\":\"WebSite\",\"@id\":\"https:\/\/rcg-ag.com\/de\/#website\",\"url\":\"https:\/\/rcg-ag.com\/de\/\",\"name\":\"Research &amp; Consulting (Deutschland) GmbH\",\"description\":\"\",\"publisher\":{\"@id\":\"https:\/\/rcg-ag.com\/de\/#organization\"},\"potentialAction\":[{\"@type\":\"SearchAction\",\"target\":{\"@type\":\"EntryPoint\",\"urlTemplate\":\"https:\/\/rcg-ag.com\/de\/?s={search_term_string}\"},\"query-input\":{\"@type\":\"PropertyValueSpecification\",\"valueRequired\":true,\"valueName\":\"search_term_string\"}}],\"inLanguage\":\"de\"},{\"@type\":\"Organization\",\"@id\":\"https:\/\/rcg-ag.com\/de\/#organization\",\"name\":\"Research & Consulting Group\",\"url\":\"https:\/\/rcg-ag.com\/de\/\",\"logo\":{\"@type\":\"ImageObject\",\"inLanguage\":\"de\",\"@id\":\"https:\/\/rcg-ag.com\/de\/#\/schema\/logo\/image\/\",\"url\":\"https:\/\/rcg-ag.com\/wp-content\/uploads\/2019\/08\/thumbnail.jpg\",\"contentUrl\":\"https:\/\/rcg-ag.com\/wp-content\/uploads\/2019\/08\/thumbnail.jpg\",\"width\":319,\"height\":231,\"caption\":\"Research & Consulting Group\"},\"image\":{\"@id\":\"https:\/\/rcg-ag.com\/de\/#\/schema\/logo\/image\/\"},\"sameAs\":[\"https:\/\/www.linkedin.com\/in\/joachim-schroeder-20baa434\/\"]}]}<\/script>\n<!-- \/ Yoast SEO plugin. -->","yoast_head_json":{"title":"Wie wir mit unseren Kunden zusammenarbeiten - Research &amp; Consulting (Deutschland) GmbH","robots":{"index":"index","follow":"follow","max-snippet":"max-snippet:-1","max-image-preview":"max-image-preview:large","max-video-preview":"max-video-preview:-1"},"canonical":"https:\/\/rcg-ag.com\/de\/unsere-kunden\/wie-wir-mit-unseren-kunden-zusammenarbeiten\/","og_locale":"de_DE","og_type":"article","og_title":"Wie wir mit unseren Kunden zusammenarbeiten - Research &amp; Consulting (Deutschland) GmbH","og_description":"Objektivit\u00e4t: unsere Arbeit wird nicht durch das Bestreben beeintr\u00e4chtigt, Nachfolgeprojekte im Bereich Engineering, IT-Implementierung oder Outsourcing zu verkaufen Aktive Beteiligung der Gesch\u00e4ftsf\u00fchrer und Managing Partner: nicht nur bei der Akquisition, sondern in allen Phasen der Projektdurchf\u00fchrung Kundenzusammenarbeit:&nbsp; wir arbeiten in enger Zusammenarbeit mit unseren Kunden, unter Ber\u00fccksichtigung der Ansichten und Zielvorgaben aller Stakeholder, ohne dabei [&hellip;]","og_url":"https:\/\/rcg-ag.com\/de\/unsere-kunden\/wie-wir-mit-unseren-kunden-zusammenarbeiten\/","og_site_name":"Research &amp; Consulting (Deutschland) GmbH","article_modified_time":"2022-05-06T09:09:31+00:00","twitter_card":"summary_large_image","twitter_misc":{"Gesch\u00e4tzte Lesezeit":"1\u00a0Minute"},"schema":{"@context":"https:\/\/schema.org","@graph":[{"@type":"WebPage","@id":"https:\/\/rcg-ag.com\/de\/unsere-kunden\/wie-wir-mit-unseren-kunden-zusammenarbeiten\/","url":"https:\/\/rcg-ag.com\/de\/unsere-kunden\/wie-wir-mit-unseren-kunden-zusammenarbeiten\/","name":"Wie wir mit unseren Kunden zusammenarbeiten - Research &amp; Consulting (Deutschland) GmbH","isPartOf":{"@id":"https:\/\/rcg-ag.com\/de\/#website"},"datePublished":"2019-09-18T09:35:13+00:00","dateModified":"2022-05-06T09:09:31+00:00","breadcrumb":{"@id":"https:\/\/rcg-ag.com\/de\/unsere-kunden\/wie-wir-mit-unseren-kunden-zusammenarbeiten\/#breadcrumb"},"inLanguage":"de","potentialAction":[{"@type":"ReadAction","target":["https:\/\/rcg-ag.com\/de\/unsere-kunden\/wie-wir-mit-unseren-kunden-zusammenarbeiten\/"]}]},{"@type":"BreadcrumbList","@id":"https:\/\/rcg-ag.com\/de\/unsere-kunden\/wie-wir-mit-unseren-kunden-zusammenarbeiten\/#breadcrumb","itemListElement":[{"@type":"ListItem","position":1,"name":"Startseite","item":"https:\/\/rcg-ag.com\/de\/"},{"@type":"ListItem","position":2,"name":"Unsere Kunden","item":"https:\/\/rcg-ag.com\/de\/unsere-kunden\/"},{"@type":"ListItem","position":3,"name":"Wie wir mit unseren Kunden zusammenarbeiten"}]},{"@type":"WebSite","@id":"https:\/\/rcg-ag.com\/de\/#website","url":"https:\/\/rcg-ag.com\/de\/","name":"Research &amp; Consulting (Deutschland) GmbH","description":"","publisher":{"@id":"https:\/\/rcg-ag.com\/de\/#organization"},"potentialAction":[{"@type":"SearchAction","target":{"@type":"EntryPoint","urlTemplate":"https:\/\/rcg-ag.com\/de\/?s={search_term_string}"},"query-input":{"@type":"PropertyValueSpecification","valueRequired":true,"valueName":"search_term_string"}}],"inLanguage":"de"},{"@type":"Organization","@id":"https:\/\/rcg-ag.com\/de\/#organization","name":"Research & Consulting Group","url":"https:\/\/rcg-ag.com\/de\/","logo":{"@type":"ImageObject","inLanguage":"de","@id":"https:\/\/rcg-ag.com\/de\/#\/schema\/logo\/image\/","url":"https:\/\/rcg-ag.com\/wp-content\/uploads\/2019\/08\/thumbnail.jpg","contentUrl":"https:\/\/rcg-ag.com\/wp-content\/uploads\/2019\/08\/thumbnail.jpg","width":319,"height":231,"caption":"Research & Consulting Group"},"image":{"@id":"https:\/\/rcg-ag.com\/de\/#\/schema\/logo\/image\/"},"sameAs":["https:\/\/www.linkedin.com\/in\/joachim-schroeder-20baa434\/"]}]}},"_links":{"self":[{"href":"https:\/\/rcg-ag.com\/de\/wp-json\/wp\/v2\/pages\/1684","targetHints":{"allow":["GET"]}}],"collection":[{"href":"https:\/\/rcg-ag.com\/de\/wp-json\/wp\/v2\/pages"}],"about":[{"href":"https:\/\/rcg-ag.com\/de\/wp-json\/wp\/v2\/types\/page"}],"author":[{"embeddable":true,"href":"https:\/\/rcg-ag.com\/de\/wp-json\/wp\/v2\/users\/4"}],"replies":[{"embeddable":true,"href":"https:\/\/rcg-ag.com\/de\/wp-json\/wp\/v2\/comments?post=1684"}],"version-history":[{"count":5,"href":"https:\/\/rcg-ag.com\/de\/wp-json\/wp\/v2\/pages\/1684\/revisions"}],"predecessor-version":[{"id":2725,"href":"https:\/\/rcg-ag.com\/de\/wp-json\/wp\/v2\/pages\/1684\/revisions\/2725"}],"up":[{"embeddable":true,"href":"https:\/\/rcg-ag.com\/de\/wp-json\/wp\/v2\/pages\/1682"}],"wp:attachment":[{"href":"https:\/\/rcg-ag.com\/de\/wp-json\/wp\/v2\/media?parent=1684"}],"curies":[{"name":"wp","href":"https:\/\/api.w.org\/{rel}","templated":true}]}}