{"id":1674,"date":"2019-05-07T14:15:07","date_gmt":"2019-05-07T12:15:07","guid":{"rendered":"https:\/\/rcg-ag.com\/operations-technology-and-industry\/"},"modified":"2019-09-18T12:04:24","modified_gmt":"2019-09-18T10:04:24","slug":"operations-technologie-und-industrie","status":"publish","type":"page","link":"https:\/\/rcg-ag.com\/de\/practice-areas\/operations-technologie-und-industrie\/","title":{"rendered":"Operations, Technologie und Industrie 4.0"},"content":{"rendered":"<div class=\"special-headline\"><h1 class=\"special-headline-title\">Operations, Technologie und Industrie 4.0<\/h1><\/div>\n\n\n<p><strong>Das Operations-Beratungsfeld unterst\u00fctzt unsere Kunden dabei:<\/strong><\/p>\n\n\n\n<ul class=\"wp-block-list\"><li>operative Leistung bei gleichzeitiger Kostensenkung zu optimieren mit Fokus auf Maschinenzuverl\u00e4ssigkeit, Durchsatz &amp; Qualit\u00e4t sowie Organisation<\/li><li>Entscheidungen \u00fcber richtige Kapitalanlagen zu treffen<\/li><li>Industrie 4.0-Technologien, -Ans\u00e4tze und -Erkenntnisse wirksam einzusetzen<\/li><\/ul>\n\n\n\n<div class=\"wp-block-columns has-2-columns is-layout-flex wp-container-core-columns-is-layout-1 wp-block-columns-is-layout-flex\">\n<div class=\"wp-block-column is-layout-flow wp-block-column-is-layout-flow\">\n<p>Das Beratungsfeld beinhaltet alle Produktionsstufen sowie alle wesentlichen unterst\u00fctzenden Prozesse einschlie\u00dflich Instandhaltung, Beschaffung, S&amp;OP und Supply Chain. Wir arbeiten in der Fertigung, im Steuerstand, in den Instandhaltungsbereichen sowie im \u201cBack Office\u201d. <br><br><\/p>\n\n\n\n<p>Wir unterst\u00fctzen unsere Kunden dabei, die Auswirkungen von Digitalisierung und Industrie 4.0 auf ihre Gesch\u00e4fte besser zu verstehen und Roadmaps zu entwickeln, um ihr Transformationspotenzial voll auszusch\u00f6pfen. In den meisten F\u00e4llen ist die Ausgangsituation die M\u00f6glichkeit, Anlagenleistung zu verbessern, um eine nachhaltige EBITDA-Steigerung zu erzielen.<\/p>\n<\/div>\n\n\n\n<div class=\"wp-block-column is-layout-flow wp-block-column-is-layout-flow\">\n<p>Industrie 4.0 wirkt sich ebenfalls auf traditionelle Kapitalanlage- und Risiko-\/Renditeberechnungen aus: kleinere Investitionen und die F\u00e4higkeit zu \u201cstart fast\/fail fast\u201d erfordern einen schnelleren, agileren Prozess zur Entscheidungsfindung und Governance.<br><br><\/p>\n\n\n\n<p>Wir verfolgen einen ganzheitlichen Ansatz, welcher die Interdependenzen zwischen Menschen, Prozessen und Anlagen ber\u00fccksichtigt. Wir verf\u00fcgen \u00fcber eine Reihe erprobter unternehmenseigener und standardisierter Tools, besitzen ein Verst\u00e4ndnis der kritischen KPIs und haben Zugang zu den neuesten Denkans\u00e4tzen und Entwicklungen durch unsere akademischen und industriellen Partnerschaften. <\/p>\n<\/div>\n<\/div>\n\n\n<div class=\"quote-img\"><div class=\"img-container\" style=\"background-image: url(https:\/\/rcg-ag.com\/wp-content\/uploads\/2019\/04\/quote-img.jpg)\"><\/div><div class=\"quote-on-img\"><span class=\"quote-icon\"><\/span><h3 class=\"headline-type\">Use Case: <\/h3><div class=\"quote-on-img-content\"><p>Optimierung des Sales &#038; Operations Planning-Prozesses und des Informationsflusses durch die Definition von abteilungs\u00fcbergreifenden Verfahren und klar definierten Aufgaben und Zust\u00e4ndigkeiten (nur auf Englisch verf\u00fcgbar)<\/p><a class=\"btn\" href=\"https:\/\/rcg-ag.com\/practice-areas\/operations-technology-and-industry\/case-study\/\"><span>Zum Use Case<\/span><span class=\"button-arrow\">&#8594;<\/span><\/a><\/div><\/div><\/div>","protected":false},"excerpt":{"rendered":"<p>Das Operations-Beratungsfeld unterst\u00fctzt unsere Kunden dabei: operative Leistung bei gleichzeitiger Kostensenkung zu optimieren mit Fokus auf Maschinenzuverl\u00e4ssigkeit, Durchsatz &amp; Qualit\u00e4t sowie Organisation Entscheidungen \u00fcber richtige Kapitalanlagen zu treffen Industrie 4.0-Technologien, -Ans\u00e4tze und -Erkenntnisse wirksam einzusetzen Das Beratungsfeld beinhaltet alle Produktionsstufen sowie alle wesentlichen unterst\u00fctzenden Prozesse einschlie\u00dflich Instandhaltung, Beschaffung, S&amp;OP und Supply Chain. Wir arbeiten in [&hellip;]<\/p>\n","protected":false},"author":3,"featured_media":0,"parent":1938,"menu_order":3,"comment_status":"closed","ping_status":"closed","template":"","meta":{"_acf_changed":false,"footnotes":""},"class_list":["post-1674","page","type-page","status-publish","hentry"],"acf":[],"yoast_head":"<!-- This site is optimized with the Yoast SEO plugin v24.3 - https:\/\/yoast.com\/wordpress\/plugins\/seo\/ -->\n<title>Operations and technology - Research &amp; Consulting GmbH<\/title>\n<meta name=\"description\" content=\"We help clients to better understand the implications of digitalization and Industry 4.0 for their businesses.\" \/>\n<meta name=\"robots\" content=\"index, follow, max-snippet:-1, max-image-preview:large, max-video-preview:-1\" \/>\n<link rel=\"canonical\" href=\"https:\/\/rcg-ag.com\/de\/practice-areas\/operations-technologie-und-industrie\/\" \/>\n<meta property=\"og:locale\" content=\"de_DE\" \/>\n<meta property=\"og:type\" content=\"article\" \/>\n<meta property=\"og:title\" content=\"Operations and technology - Research &amp; Consulting GmbH\" \/>\n<meta property=\"og:description\" content=\"We help clients to better understand the implications of digitalization and Industry 4.0 for their businesses.\" \/>\n<meta property=\"og:url\" content=\"https:\/\/rcg-ag.com\/de\/practice-areas\/operations-technologie-und-industrie\/\" \/>\n<meta property=\"og:site_name\" content=\"Research &amp; Consulting (Deutschland) GmbH\" \/>\n<meta property=\"article:modified_time\" content=\"2019-09-18T10:04:24+00:00\" \/>\n<meta name=\"twitter:card\" content=\"summary_large_image\" \/>\n<meta name=\"twitter:label1\" content=\"Gesch\u00e4tzte Lesezeit\" \/>\n\t<meta name=\"twitter:data1\" content=\"1\u00a0Minute\" \/>\n<script type=\"application\/ld+json\" class=\"yoast-schema-graph\">{\"@context\":\"https:\/\/schema.org\",\"@graph\":[{\"@type\":\"WebPage\",\"@id\":\"https:\/\/rcg-ag.com\/de\/practice-areas\/operations-technologie-und-industrie\/\",\"url\":\"https:\/\/rcg-ag.com\/de\/practice-areas\/operations-technologie-und-industrie\/\",\"name\":\"Operations and technology - Research & Consulting GmbH\",\"isPartOf\":{\"@id\":\"https:\/\/rcg-ag.com\/de\/#website\"},\"datePublished\":\"2019-05-07T12:15:07+00:00\",\"dateModified\":\"2019-09-18T10:04:24+00:00\",\"description\":\"We help clients to better understand the implications of digitalization and Industry 4.0 for their businesses.\",\"breadcrumb\":{\"@id\":\"https:\/\/rcg-ag.com\/de\/practice-areas\/operations-technologie-und-industrie\/#breadcrumb\"},\"inLanguage\":\"de\",\"potentialAction\":[{\"@type\":\"ReadAction\",\"target\":[\"https:\/\/rcg-ag.com\/de\/practice-areas\/operations-technologie-und-industrie\/\"]}]},{\"@type\":\"BreadcrumbList\",\"@id\":\"https:\/\/rcg-ag.com\/de\/practice-areas\/operations-technologie-und-industrie\/#breadcrumb\",\"itemListElement\":[{\"@type\":\"ListItem\",\"position\":1,\"name\":\"Startseite\",\"item\":\"https:\/\/rcg-ag.com\/de\/\"},{\"@type\":\"ListItem\",\"position\":2,\"name\":\"Practice Areas\",\"item\":\"https:\/\/rcg-ag.com\/de\/practice-areas\/\"},{\"@type\":\"ListItem\",\"position\":3,\"name\":\"Operations, Technologie und Industrie 4.0\"}]},{\"@type\":\"WebSite\",\"@id\":\"https:\/\/rcg-ag.com\/de\/#website\",\"url\":\"https:\/\/rcg-ag.com\/de\/\",\"name\":\"Research &amp; Consulting (Deutschland) GmbH\",\"description\":\"\",\"publisher\":{\"@id\":\"https:\/\/rcg-ag.com\/de\/#organization\"},\"potentialAction\":[{\"@type\":\"SearchAction\",\"target\":{\"@type\":\"EntryPoint\",\"urlTemplate\":\"https:\/\/rcg-ag.com\/de\/?s={search_term_string}\"},\"query-input\":{\"@type\":\"PropertyValueSpecification\",\"valueRequired\":true,\"valueName\":\"search_term_string\"}}],\"inLanguage\":\"de\"},{\"@type\":\"Organization\",\"@id\":\"https:\/\/rcg-ag.com\/de\/#organization\",\"name\":\"Research & Consulting Group\",\"url\":\"https:\/\/rcg-ag.com\/de\/\",\"logo\":{\"@type\":\"ImageObject\",\"inLanguage\":\"de\",\"@id\":\"https:\/\/rcg-ag.com\/de\/#\/schema\/logo\/image\/\",\"url\":\"https:\/\/rcg-ag.com\/wp-content\/uploads\/2019\/08\/thumbnail.jpg\",\"contentUrl\":\"https:\/\/rcg-ag.com\/wp-content\/uploads\/2019\/08\/thumbnail.jpg\",\"width\":319,\"height\":231,\"caption\":\"Research & Consulting Group\"},\"image\":{\"@id\":\"https:\/\/rcg-ag.com\/de\/#\/schema\/logo\/image\/\"},\"sameAs\":[\"https:\/\/www.linkedin.com\/in\/joachim-schroeder-20baa434\/\"]}]}<\/script>\n<!-- \/ Yoast SEO plugin. -->","yoast_head_json":{"title":"Operations and technology - Research & Consulting GmbH","description":"We help clients to better understand the implications of digitalization and Industry 4.0 for their businesses.","robots":{"index":"index","follow":"follow","max-snippet":"max-snippet:-1","max-image-preview":"max-image-preview:large","max-video-preview":"max-video-preview:-1"},"canonical":"https:\/\/rcg-ag.com\/de\/practice-areas\/operations-technologie-und-industrie\/","og_locale":"de_DE","og_type":"article","og_title":"Operations and technology - Research & Consulting GmbH","og_description":"We help clients to better understand the implications of digitalization and Industry 4.0 for their businesses.","og_url":"https:\/\/rcg-ag.com\/de\/practice-areas\/operations-technologie-und-industrie\/","og_site_name":"Research &amp; Consulting (Deutschland) GmbH","article_modified_time":"2019-09-18T10:04:24+00:00","twitter_card":"summary_large_image","twitter_misc":{"Gesch\u00e4tzte Lesezeit":"1\u00a0Minute"},"schema":{"@context":"https:\/\/schema.org","@graph":[{"@type":"WebPage","@id":"https:\/\/rcg-ag.com\/de\/practice-areas\/operations-technologie-und-industrie\/","url":"https:\/\/rcg-ag.com\/de\/practice-areas\/operations-technologie-und-industrie\/","name":"Operations and technology - Research & Consulting GmbH","isPartOf":{"@id":"https:\/\/rcg-ag.com\/de\/#website"},"datePublished":"2019-05-07T12:15:07+00:00","dateModified":"2019-09-18T10:04:24+00:00","description":"We help clients to better understand the implications of digitalization and Industry 4.0 for their businesses.","breadcrumb":{"@id":"https:\/\/rcg-ag.com\/de\/practice-areas\/operations-technologie-und-industrie\/#breadcrumb"},"inLanguage":"de","potentialAction":[{"@type":"ReadAction","target":["https:\/\/rcg-ag.com\/de\/practice-areas\/operations-technologie-und-industrie\/"]}]},{"@type":"BreadcrumbList","@id":"https:\/\/rcg-ag.com\/de\/practice-areas\/operations-technologie-und-industrie\/#breadcrumb","itemListElement":[{"@type":"ListItem","position":1,"name":"Startseite","item":"https:\/\/rcg-ag.com\/de\/"},{"@type":"ListItem","position":2,"name":"Practice Areas","item":"https:\/\/rcg-ag.com\/de\/practice-areas\/"},{"@type":"ListItem","position":3,"name":"Operations, Technologie und Industrie 4.0"}]},{"@type":"WebSite","@id":"https:\/\/rcg-ag.com\/de\/#website","url":"https:\/\/rcg-ag.com\/de\/","name":"Research &amp; Consulting (Deutschland) GmbH","description":"","publisher":{"@id":"https:\/\/rcg-ag.com\/de\/#organization"},"potentialAction":[{"@type":"SearchAction","target":{"@type":"EntryPoint","urlTemplate":"https:\/\/rcg-ag.com\/de\/?s={search_term_string}"},"query-input":{"@type":"PropertyValueSpecification","valueRequired":true,"valueName":"search_term_string"}}],"inLanguage":"de"},{"@type":"Organization","@id":"https:\/\/rcg-ag.com\/de\/#organization","name":"Research & Consulting Group","url":"https:\/\/rcg-ag.com\/de\/","logo":{"@type":"ImageObject","inLanguage":"de","@id":"https:\/\/rcg-ag.com\/de\/#\/schema\/logo\/image\/","url":"https:\/\/rcg-ag.com\/wp-content\/uploads\/2019\/08\/thumbnail.jpg","contentUrl":"https:\/\/rcg-ag.com\/wp-content\/uploads\/2019\/08\/thumbnail.jpg","width":319,"height":231,"caption":"Research & Consulting Group"},"image":{"@id":"https:\/\/rcg-ag.com\/de\/#\/schema\/logo\/image\/"},"sameAs":["https:\/\/www.linkedin.com\/in\/joachim-schroeder-20baa434\/"]}]}},"_links":{"self":[{"href":"https:\/\/rcg-ag.com\/de\/wp-json\/wp\/v2\/pages\/1674","targetHints":{"allow":["GET"]}}],"collection":[{"href":"https:\/\/rcg-ag.com\/de\/wp-json\/wp\/v2\/pages"}],"about":[{"href":"https:\/\/rcg-ag.com\/de\/wp-json\/wp\/v2\/types\/page"}],"author":[{"embeddable":true,"href":"https:\/\/rcg-ag.com\/de\/wp-json\/wp\/v2\/users\/3"}],"replies":[{"embeddable":true,"href":"https:\/\/rcg-ag.com\/de\/wp-json\/wp\/v2\/comments?post=1674"}],"version-history":[{"count":7,"href":"https:\/\/rcg-ag.com\/de\/wp-json\/wp\/v2\/pages\/1674\/revisions"}],"predecessor-version":[{"id":2036,"href":"https:\/\/rcg-ag.com\/de\/wp-json\/wp\/v2\/pages\/1674\/revisions\/2036"}],"up":[{"embeddable":true,"href":"https:\/\/rcg-ag.com\/de\/wp-json\/wp\/v2\/pages\/1938"}],"wp:attachment":[{"href":"https:\/\/rcg-ag.com\/de\/wp-json\/wp\/v2\/media?parent=1674"}],"curies":[{"name":"wp","href":"https:\/\/api.w.org\/{rel}","templated":true}]}}