{"id":1669,"date":"2019-05-07T14:13:41","date_gmt":"2019-05-07T12:13:41","guid":{"rendered":"https:\/\/rcg-ag.com\/strategy-organization-and-transformation\/"},"modified":"2019-09-18T11:45:25","modified_gmt":"2019-09-18T09:45:25","slug":"strategie-organisation-und-transformation","status":"publish","type":"page","link":"https:\/\/rcg-ag.com\/de\/practice-areas\/strategie-organisation-und-transformation\/","title":{"rendered":"Strategie, Organisation und Transformation"},"content":{"rendered":"<div class=\"special-headline\"><h1 class=\"special-headline-title\">Strategie, Organisation und Transformation<\/h1><\/div>\n\n\n<div class=\"wp-block-columns has-2-columns is-layout-flex wp-container-core-columns-is-layout-1 wp-block-columns-is-layout-flex\">\n<div class=\"wp-block-column is-layout-flow wp-block-column-is-layout-flow\">\n<p>Unser Strategie-Beratungsfeld umfasst die Bereiche Strategieentwicklung, organisatorische Restrukturierung sowie Planung und Unterst\u00fctzung bei Ihrer Transformation. Obwohl wir in diesen Bereichen einzeln arbeiten, sind wir der Auffassung, dass diese eng miteinander verbunden sind und daher ganzheitlich betrachtet werden sollten \u2013 insbesondere bei der Entwicklung von Antworten auf ernsthafte Marktst\u00f6rungen.<\/p>\n\n\n\n<p><br><strong>Wir unterst\u00fctzen unsere Kunden dabei:<\/strong><\/p>\n\n\n\n<ul class=\"wp-block-list\"><li>eine nachhaltige, erfolgreiche Unternehmens- oder Gesch\u00e4ftsbereichsstrategie zu entwickeln und unterst\u00fctzen sie w\u00e4hrend der Implementierung in alle Bereiche des Unternehmens<\/li><li>erfolgreiche Strategien f\u00fcr ein profitables Wachstum der f\u00fchrenden Industrieteilnehmer zu erarbeiten<\/li><li>Investitionsprojekte zu strukturieren, zu analysieren und zu bewerten bis hin zum Abschluss der Transaktion, unter Ber\u00fccksichtigung der Ausrichtung auf deren unternehmerische Ziele<\/li><\/ul>\n<\/div>\n\n\n\n<div class=\"wp-block-column is-layout-flow wp-block-column-is-layout-flow\">\n<p>In Zusammenarbeit mit Vorst\u00e4nden, Gesch\u00e4ftsf\u00fchrern, Gesch\u00e4ftsbereichs- und Funktionsleitern entwickeln wir Strategien und Antworten auf eine breite Palette an strategischen Gefahren und Chancen \u00fcber mehrere Zeithorizonte hinweg. Unsere Strategieprojekte basieren auf einer umfassenden Analyse der relevanten Produkte, M\u00e4rkte, Wettbewerber und Technologien \u2013 einschlie\u00dflich digital.<\/p>\n<\/div>\n<\/div>\n\n\n<div class=\"quote-img\"><div class=\"img-container\" style=\"background-image: url(https:\/\/rcg-ag.com\/wp-content\/uploads\/2019\/04\/quote-img.jpg)\"><\/div><div class=\"quote-on-img\"><span class=\"quote-icon\"><\/span><h3 class=\"headline-type\">Use Case: <\/h3><div class=\"quote-on-img-content\"><p>Identifizierung der strategischen Ausrichtung f\u00fcr eine langfristige Wertsteigerung des Unternehmens und Entwicklung einer Unternehmensstrategie f\u00fcr einen integrierten Metall- und Mining-Kunden (nur auf Englisch verf\u00fcgbar)<\/p><a class=\"btn\" href=\"https:\/\/rcg-ag.com\/practice-areas\/strategy-organization-and-transformation\/case-study\/\"><span>Zum Use Case<\/span><span class=\"button-arrow\">&#8594;<\/span><\/a><\/div><\/div><\/div>","protected":false},"excerpt":{"rendered":"<p>Unser Strategie-Beratungsfeld umfasst die Bereiche Strategieentwicklung, organisatorische Restrukturierung sowie Planung und Unterst\u00fctzung bei Ihrer Transformation. Obwohl wir in diesen Bereichen einzeln arbeiten, sind wir der Auffassung, dass diese eng miteinander verbunden sind und daher ganzheitlich betrachtet werden sollten \u2013 insbesondere bei der Entwicklung von Antworten auf ernsthafte Marktst\u00f6rungen. Wir unterst\u00fctzen unsere Kunden dabei: eine nachhaltige, [&hellip;]<\/p>\n","protected":false},"author":3,"featured_media":0,"parent":1938,"menu_order":2,"comment_status":"closed","ping_status":"closed","template":"","meta":{"_acf_changed":false,"footnotes":""},"class_list":["post-1669","page","type-page","status-publish","hentry"],"acf":[],"yoast_head":"<!-- This site is optimized with the Yoast SEO plugin v24.3 - https:\/\/yoast.com\/wordpress\/plugins\/seo\/ -->\n<title>Strategy and organization - Research &amp; Consulting GmbH<\/title>\n<meta name=\"description\" content=\"Our strategy practice encompasses the areas of strategy development, organizational restructuring, and transformation journey planning and support.\" \/>\n<meta name=\"robots\" content=\"index, follow, max-snippet:-1, max-image-preview:large, max-video-preview:-1\" \/>\n<link rel=\"canonical\" href=\"https:\/\/rcg-ag.com\/de\/practice-areas\/strategie-organisation-und-transformation\/\" \/>\n<meta property=\"og:locale\" content=\"de_DE\" \/>\n<meta property=\"og:type\" content=\"article\" \/>\n<meta property=\"og:title\" content=\"Strategy and organization - Research &amp; Consulting GmbH\" \/>\n<meta property=\"og:description\" content=\"Our strategy practice encompasses the areas of strategy development, organizational restructuring, and transformation journey planning and support.\" \/>\n<meta property=\"og:url\" content=\"https:\/\/rcg-ag.com\/de\/practice-areas\/strategie-organisation-und-transformation\/\" \/>\n<meta property=\"og:site_name\" content=\"Research &amp; Consulting (Deutschland) GmbH\" \/>\n<meta property=\"article:modified_time\" content=\"2019-09-18T09:45:25+00:00\" \/>\n<meta name=\"twitter:card\" content=\"summary_large_image\" \/>\n<meta name=\"twitter:label1\" content=\"Gesch\u00e4tzte Lesezeit\" \/>\n\t<meta name=\"twitter:data1\" content=\"1\u00a0Minute\" \/>\n<script type=\"application\/ld+json\" class=\"yoast-schema-graph\">{\"@context\":\"https:\/\/schema.org\",\"@graph\":[{\"@type\":\"WebPage\",\"@id\":\"https:\/\/rcg-ag.com\/de\/practice-areas\/strategie-organisation-und-transformation\/\",\"url\":\"https:\/\/rcg-ag.com\/de\/practice-areas\/strategie-organisation-und-transformation\/\",\"name\":\"Strategy and organization - Research & Consulting GmbH\",\"isPartOf\":{\"@id\":\"https:\/\/rcg-ag.com\/de\/#website\"},\"datePublished\":\"2019-05-07T12:13:41+00:00\",\"dateModified\":\"2019-09-18T09:45:25+00:00\",\"description\":\"Our strategy practice encompasses the areas of strategy development, organizational restructuring, and transformation journey planning and support.\",\"breadcrumb\":{\"@id\":\"https:\/\/rcg-ag.com\/de\/practice-areas\/strategie-organisation-und-transformation\/#breadcrumb\"},\"inLanguage\":\"de\",\"potentialAction\":[{\"@type\":\"ReadAction\",\"target\":[\"https:\/\/rcg-ag.com\/de\/practice-areas\/strategie-organisation-und-transformation\/\"]}]},{\"@type\":\"BreadcrumbList\",\"@id\":\"https:\/\/rcg-ag.com\/de\/practice-areas\/strategie-organisation-und-transformation\/#breadcrumb\",\"itemListElement\":[{\"@type\":\"ListItem\",\"position\":1,\"name\":\"Startseite\",\"item\":\"https:\/\/rcg-ag.com\/de\/\"},{\"@type\":\"ListItem\",\"position\":2,\"name\":\"Practice Areas\",\"item\":\"https:\/\/rcg-ag.com\/de\/practice-areas\/\"},{\"@type\":\"ListItem\",\"position\":3,\"name\":\"Strategie, Organisation und Transformation\"}]},{\"@type\":\"WebSite\",\"@id\":\"https:\/\/rcg-ag.com\/de\/#website\",\"url\":\"https:\/\/rcg-ag.com\/de\/\",\"name\":\"Research &amp; Consulting (Deutschland) GmbH\",\"description\":\"\",\"publisher\":{\"@id\":\"https:\/\/rcg-ag.com\/de\/#organization\"},\"potentialAction\":[{\"@type\":\"SearchAction\",\"target\":{\"@type\":\"EntryPoint\",\"urlTemplate\":\"https:\/\/rcg-ag.com\/de\/?s={search_term_string}\"},\"query-input\":{\"@type\":\"PropertyValueSpecification\",\"valueRequired\":true,\"valueName\":\"search_term_string\"}}],\"inLanguage\":\"de\"},{\"@type\":\"Organization\",\"@id\":\"https:\/\/rcg-ag.com\/de\/#organization\",\"name\":\"Research & Consulting Group\",\"url\":\"https:\/\/rcg-ag.com\/de\/\",\"logo\":{\"@type\":\"ImageObject\",\"inLanguage\":\"de\",\"@id\":\"https:\/\/rcg-ag.com\/de\/#\/schema\/logo\/image\/\",\"url\":\"https:\/\/rcg-ag.com\/wp-content\/uploads\/2019\/08\/thumbnail.jpg\",\"contentUrl\":\"https:\/\/rcg-ag.com\/wp-content\/uploads\/2019\/08\/thumbnail.jpg\",\"width\":319,\"height\":231,\"caption\":\"Research & Consulting Group\"},\"image\":{\"@id\":\"https:\/\/rcg-ag.com\/de\/#\/schema\/logo\/image\/\"},\"sameAs\":[\"https:\/\/www.linkedin.com\/in\/joachim-schroeder-20baa434\/\"]}]}<\/script>\n<!-- \/ Yoast SEO plugin. -->","yoast_head_json":{"title":"Strategy and organization - Research & Consulting GmbH","description":"Our strategy practice encompasses the areas of strategy development, organizational restructuring, and transformation journey planning and support.","robots":{"index":"index","follow":"follow","max-snippet":"max-snippet:-1","max-image-preview":"max-image-preview:large","max-video-preview":"max-video-preview:-1"},"canonical":"https:\/\/rcg-ag.com\/de\/practice-areas\/strategie-organisation-und-transformation\/","og_locale":"de_DE","og_type":"article","og_title":"Strategy and organization - Research & Consulting GmbH","og_description":"Our strategy practice encompasses the areas of strategy development, organizational restructuring, and transformation journey planning and support.","og_url":"https:\/\/rcg-ag.com\/de\/practice-areas\/strategie-organisation-und-transformation\/","og_site_name":"Research &amp; Consulting (Deutschland) GmbH","article_modified_time":"2019-09-18T09:45:25+00:00","twitter_card":"summary_large_image","twitter_misc":{"Gesch\u00e4tzte Lesezeit":"1\u00a0Minute"},"schema":{"@context":"https:\/\/schema.org","@graph":[{"@type":"WebPage","@id":"https:\/\/rcg-ag.com\/de\/practice-areas\/strategie-organisation-und-transformation\/","url":"https:\/\/rcg-ag.com\/de\/practice-areas\/strategie-organisation-und-transformation\/","name":"Strategy and organization - Research & Consulting GmbH","isPartOf":{"@id":"https:\/\/rcg-ag.com\/de\/#website"},"datePublished":"2019-05-07T12:13:41+00:00","dateModified":"2019-09-18T09:45:25+00:00","description":"Our strategy practice encompasses the areas of strategy development, organizational restructuring, and transformation journey planning and support.","breadcrumb":{"@id":"https:\/\/rcg-ag.com\/de\/practice-areas\/strategie-organisation-und-transformation\/#breadcrumb"},"inLanguage":"de","potentialAction":[{"@type":"ReadAction","target":["https:\/\/rcg-ag.com\/de\/practice-areas\/strategie-organisation-und-transformation\/"]}]},{"@type":"BreadcrumbList","@id":"https:\/\/rcg-ag.com\/de\/practice-areas\/strategie-organisation-und-transformation\/#breadcrumb","itemListElement":[{"@type":"ListItem","position":1,"name":"Startseite","item":"https:\/\/rcg-ag.com\/de\/"},{"@type":"ListItem","position":2,"name":"Practice Areas","item":"https:\/\/rcg-ag.com\/de\/practice-areas\/"},{"@type":"ListItem","position":3,"name":"Strategie, Organisation und Transformation"}]},{"@type":"WebSite","@id":"https:\/\/rcg-ag.com\/de\/#website","url":"https:\/\/rcg-ag.com\/de\/","name":"Research &amp; Consulting (Deutschland) GmbH","description":"","publisher":{"@id":"https:\/\/rcg-ag.com\/de\/#organization"},"potentialAction":[{"@type":"SearchAction","target":{"@type":"EntryPoint","urlTemplate":"https:\/\/rcg-ag.com\/de\/?s={search_term_string}"},"query-input":{"@type":"PropertyValueSpecification","valueRequired":true,"valueName":"search_term_string"}}],"inLanguage":"de"},{"@type":"Organization","@id":"https:\/\/rcg-ag.com\/de\/#organization","name":"Research & Consulting Group","url":"https:\/\/rcg-ag.com\/de\/","logo":{"@type":"ImageObject","inLanguage":"de","@id":"https:\/\/rcg-ag.com\/de\/#\/schema\/logo\/image\/","url":"https:\/\/rcg-ag.com\/wp-content\/uploads\/2019\/08\/thumbnail.jpg","contentUrl":"https:\/\/rcg-ag.com\/wp-content\/uploads\/2019\/08\/thumbnail.jpg","width":319,"height":231,"caption":"Research & Consulting Group"},"image":{"@id":"https:\/\/rcg-ag.com\/de\/#\/schema\/logo\/image\/"},"sameAs":["https:\/\/www.linkedin.com\/in\/joachim-schroeder-20baa434\/"]}]}},"_links":{"self":[{"href":"https:\/\/rcg-ag.com\/de\/wp-json\/wp\/v2\/pages\/1669","targetHints":{"allow":["GET"]}}],"collection":[{"href":"https:\/\/rcg-ag.com\/de\/wp-json\/wp\/v2\/pages"}],"about":[{"href":"https:\/\/rcg-ag.com\/de\/wp-json\/wp\/v2\/types\/page"}],"author":[{"embeddable":true,"href":"https:\/\/rcg-ag.com\/de\/wp-json\/wp\/v2\/users\/3"}],"replies":[{"embeddable":true,"href":"https:\/\/rcg-ag.com\/de\/wp-json\/wp\/v2\/comments?post=1669"}],"version-history":[{"count":5,"href":"https:\/\/rcg-ag.com\/de\/wp-json\/wp\/v2\/pages\/1669\/revisions"}],"predecessor-version":[{"id":1976,"href":"https:\/\/rcg-ag.com\/de\/wp-json\/wp\/v2\/pages\/1669\/revisions\/1976"}],"up":[{"embeddable":true,"href":"https:\/\/rcg-ag.com\/de\/wp-json\/wp\/v2\/pages\/1938"}],"wp:attachment":[{"href":"https:\/\/rcg-ag.com\/de\/wp-json\/wp\/v2\/media?parent=1669"}],"curies":[{"name":"wp","href":"https:\/\/api.w.org\/{rel}","templated":true}]}}