{"id":1666,"date":"2019-09-10T14:03:40","date_gmt":"2019-09-10T12:03:40","guid":{"rendered":"https:\/\/rcg-ag.com\/?page_id=1666"},"modified":"2019-09-18T11:43:10","modified_gmt":"2019-09-18T09:43:10","slug":"maerkte-kunden-und-vertrieb","status":"publish","type":"page","link":"https:\/\/rcg-ag.com\/de\/practice-areas\/maerkte-kunden-und-vertrieb\/","title":{"rendered":"M\u00e4rkte, Kunden und Vertrieb"},"content":{"rendered":"<div class=\"special-headline\"><h1 class=\"special-headline-title\">M\u00e4rkte, Kunden und Vertrieb<\/h1><\/div>\n\n\n<div class=\"wp-block-columns has-2-columns is-layout-flex wp-container-core-columns-is-layout-1 wp-block-columns-is-layout-flex\">\n<div class=\"wp-block-column is-layout-flow wp-block-column-is-layout-flow\">\n<p>Ein detailliertes, pr\u00e4zises Verst\u00e4ndnis der M\u00e4rkte, Kan\u00e4le und Kunden bildet die wesentliche Grundlage f\u00fcr die Entwicklung von Strategien auf allen Ebenen des Unternehmens. Wir haben mehr als 100 Marktanalysen durchgef\u00fchrt, f\u00fcr alle wesentlichen Produktgruppen sowie die meisten gro\u00dfen stahl- und metallverarbeitenden Regionen weltweit. <\/p>\n\n\n\n<p><strong><br><\/strong>Darauf aufbauend unterst\u00fctzen wir unsere Kunden in allen Aspekten ihrer Gesch\u00e4ftsaktivit\u00e4ten, von Strategie bis hin zu Vertriebsprozessen, &#8211; Organisation und -Kennzahlen. <strong>Wir unterst\u00fctzen sie dabei:<\/strong><\/p>\n\n\n\n<ul class=\"wp-block-list\"><li>ihre M\u00e4rkte, Kunden und Wettbewerbsposition auf detaillierter Ebene besser zu verstehen<\/li><li>Strategien zur Margensteigerung zu entwickeln, durch die Optimierung von Produktmix- vs. Volumen- vs. Preis-Trade-offs<\/li><li>potenzielle Unterbrechungen der Kundenwertsch\u00f6pfungskette zu identifizieren (z. B. Werkstoffsubstitution, Verschiebungen hin zu einem Kreislaufkonsum, Disintermediation) und wirksame L\u00f6sungen zu entwickeln<\/li><li>ihr Betriebsmodell und ihre Gesch\u00e4ftsprozesse zu optimieren, M\u00f6glichkeiten zum Einsatz fortschrittlicher Technologien zu identifizieren, sofern gerechtfertigt<\/li><\/ul>\n<\/div>\n\n\n\n<div class=\"wp-block-column is-layout-flow wp-block-column-is-layout-flow\">\n<p>Obwohl wir \u00fcber ein umfangreiches Set an Marktdatenbanken und Modellen verf\u00fcgen, ist jedes unserer Projekte einzigartig und erfordert eine detaillierte Untersuchung und Analyse anstatt einer Wiederverwertung bereits bestehender Daten.<\/p>\n<\/div>\n<\/div>\n\n\n<div class=\"quote-img\"><div class=\"img-container\" style=\"background-image: url(https:\/\/rcg-ag.com\/wp-content\/uploads\/2019\/04\/quote-img.jpg)\"><\/div><div class=\"quote-on-img\"><span class=\"quote-icon\"><\/span><h3 class=\"headline-type\">Use Case: <\/h3><div class=\"quote-on-img-content\"><p>Pr\u00fcfung der Machbarkeit einer strategischen Investition, um die Positionierung auf dem europ\u00e4ischen Markt zu sichern und zu st\u00e4rken (nur auf Englisch verf\u00fcgbar)<\/p><a class=\"btn\" href=\"https:\/\/rcg-ag.com\/practice-areas\/markets-customers-and-sales\/case-study\/\"><span>Zum Use Case<\/span><span class=\"button-arrow\">&#8594;<\/span><\/a><\/div><\/div><\/div>","protected":false},"excerpt":{"rendered":"<p>Ein detailliertes, pr\u00e4zises Verst\u00e4ndnis der M\u00e4rkte, Kan\u00e4le und Kunden bildet die wesentliche Grundlage f\u00fcr die Entwicklung von Strategien auf allen Ebenen des Unternehmens. Wir haben mehr als 100 Marktanalysen durchgef\u00fchrt, f\u00fcr alle wesentlichen Produktgruppen sowie die meisten gro\u00dfen stahl- und metallverarbeitenden Regionen weltweit. Darauf aufbauend unterst\u00fctzen wir unsere Kunden in allen Aspekten ihrer Gesch\u00e4ftsaktivit\u00e4ten, von [&hellip;]<\/p>\n","protected":false},"author":3,"featured_media":0,"parent":1938,"menu_order":4,"comment_status":"closed","ping_status":"closed","template":"","meta":{"_acf_changed":false,"footnotes":""},"class_list":["post-1666","page","type-page","status-publish","hentry"],"acf":[],"yoast_head":"<!-- This site is optimized with the Yoast SEO plugin v24.3 - https:\/\/yoast.com\/wordpress\/plugins\/seo\/ -->\n<title>M\u00e4rkte, Kunden und Vertrieb - Research &amp; Consulting (Deutschland) GmbH<\/title>\n<meta name=\"robots\" content=\"index, follow, max-snippet:-1, max-image-preview:large, max-video-preview:-1\" \/>\n<link rel=\"canonical\" href=\"https:\/\/rcg-ag.com\/de\/practice-areas\/maerkte-kunden-und-vertrieb\/\" \/>\n<meta property=\"og:locale\" content=\"de_DE\" \/>\n<meta property=\"og:type\" content=\"article\" \/>\n<meta property=\"og:title\" content=\"M\u00e4rkte, Kunden und Vertrieb - Research &amp; Consulting (Deutschland) GmbH\" \/>\n<meta property=\"og:description\" content=\"Ein detailliertes, pr\u00e4zises Verst\u00e4ndnis der M\u00e4rkte, Kan\u00e4le und Kunden bildet die wesentliche Grundlage f\u00fcr die Entwicklung von Strategien auf allen Ebenen des Unternehmens. Wir haben mehr als 100 Marktanalysen durchgef\u00fchrt, f\u00fcr alle wesentlichen Produktgruppen sowie die meisten gro\u00dfen stahl- und metallverarbeitenden Regionen weltweit. Darauf aufbauend unterst\u00fctzen wir unsere Kunden in allen Aspekten ihrer Gesch\u00e4ftsaktivit\u00e4ten, von [&hellip;]\" \/>\n<meta property=\"og:url\" content=\"https:\/\/rcg-ag.com\/de\/practice-areas\/maerkte-kunden-und-vertrieb\/\" \/>\n<meta property=\"og:site_name\" content=\"Research &amp; Consulting (Deutschland) GmbH\" \/>\n<meta property=\"article:modified_time\" content=\"2019-09-18T09:43:10+00:00\" \/>\n<meta name=\"twitter:card\" content=\"summary_large_image\" \/>\n<meta name=\"twitter:label1\" content=\"Gesch\u00e4tzte Lesezeit\" \/>\n\t<meta name=\"twitter:data1\" content=\"1\u00a0Minute\" \/>\n<script type=\"application\/ld+json\" class=\"yoast-schema-graph\">{\"@context\":\"https:\/\/schema.org\",\"@graph\":[{\"@type\":\"WebPage\",\"@id\":\"https:\/\/rcg-ag.com\/de\/practice-areas\/maerkte-kunden-und-vertrieb\/\",\"url\":\"https:\/\/rcg-ag.com\/de\/practice-areas\/maerkte-kunden-und-vertrieb\/\",\"name\":\"M\u00e4rkte, Kunden und Vertrieb - Research &amp; Consulting (Deutschland) GmbH\",\"isPartOf\":{\"@id\":\"https:\/\/rcg-ag.com\/de\/#website\"},\"datePublished\":\"2019-09-10T12:03:40+00:00\",\"dateModified\":\"2019-09-18T09:43:10+00:00\",\"breadcrumb\":{\"@id\":\"https:\/\/rcg-ag.com\/de\/practice-areas\/maerkte-kunden-und-vertrieb\/#breadcrumb\"},\"inLanguage\":\"de\",\"potentialAction\":[{\"@type\":\"ReadAction\",\"target\":[\"https:\/\/rcg-ag.com\/de\/practice-areas\/maerkte-kunden-und-vertrieb\/\"]}]},{\"@type\":\"BreadcrumbList\",\"@id\":\"https:\/\/rcg-ag.com\/de\/practice-areas\/maerkte-kunden-und-vertrieb\/#breadcrumb\",\"itemListElement\":[{\"@type\":\"ListItem\",\"position\":1,\"name\":\"Startseite\",\"item\":\"https:\/\/rcg-ag.com\/de\/\"},{\"@type\":\"ListItem\",\"position\":2,\"name\":\"Practice Areas\",\"item\":\"https:\/\/rcg-ag.com\/de\/practice-areas\/\"},{\"@type\":\"ListItem\",\"position\":3,\"name\":\"M\u00e4rkte, Kunden und Vertrieb\"}]},{\"@type\":\"WebSite\",\"@id\":\"https:\/\/rcg-ag.com\/de\/#website\",\"url\":\"https:\/\/rcg-ag.com\/de\/\",\"name\":\"Research &amp; Consulting (Deutschland) GmbH\",\"description\":\"\",\"publisher\":{\"@id\":\"https:\/\/rcg-ag.com\/de\/#organization\"},\"potentialAction\":[{\"@type\":\"SearchAction\",\"target\":{\"@type\":\"EntryPoint\",\"urlTemplate\":\"https:\/\/rcg-ag.com\/de\/?s={search_term_string}\"},\"query-input\":{\"@type\":\"PropertyValueSpecification\",\"valueRequired\":true,\"valueName\":\"search_term_string\"}}],\"inLanguage\":\"de\"},{\"@type\":\"Organization\",\"@id\":\"https:\/\/rcg-ag.com\/de\/#organization\",\"name\":\"Research & Consulting Group\",\"url\":\"https:\/\/rcg-ag.com\/de\/\",\"logo\":{\"@type\":\"ImageObject\",\"inLanguage\":\"de\",\"@id\":\"https:\/\/rcg-ag.com\/de\/#\/schema\/logo\/image\/\",\"url\":\"https:\/\/rcg-ag.com\/wp-content\/uploads\/2019\/08\/thumbnail.jpg\",\"contentUrl\":\"https:\/\/rcg-ag.com\/wp-content\/uploads\/2019\/08\/thumbnail.jpg\",\"width\":319,\"height\":231,\"caption\":\"Research & Consulting Group\"},\"image\":{\"@id\":\"https:\/\/rcg-ag.com\/de\/#\/schema\/logo\/image\/\"},\"sameAs\":[\"https:\/\/www.linkedin.com\/in\/joachim-schroeder-20baa434\/\"]}]}<\/script>\n<!-- \/ Yoast SEO plugin. -->","yoast_head_json":{"title":"M\u00e4rkte, Kunden und Vertrieb - Research &amp; Consulting (Deutschland) GmbH","robots":{"index":"index","follow":"follow","max-snippet":"max-snippet:-1","max-image-preview":"max-image-preview:large","max-video-preview":"max-video-preview:-1"},"canonical":"https:\/\/rcg-ag.com\/de\/practice-areas\/maerkte-kunden-und-vertrieb\/","og_locale":"de_DE","og_type":"article","og_title":"M\u00e4rkte, Kunden und Vertrieb - Research &amp; Consulting (Deutschland) GmbH","og_description":"Ein detailliertes, pr\u00e4zises Verst\u00e4ndnis der M\u00e4rkte, Kan\u00e4le und Kunden bildet die wesentliche Grundlage f\u00fcr die Entwicklung von Strategien auf allen Ebenen des Unternehmens. Wir haben mehr als 100 Marktanalysen durchgef\u00fchrt, f\u00fcr alle wesentlichen Produktgruppen sowie die meisten gro\u00dfen stahl- und metallverarbeitenden Regionen weltweit. Darauf aufbauend unterst\u00fctzen wir unsere Kunden in allen Aspekten ihrer Gesch\u00e4ftsaktivit\u00e4ten, von [&hellip;]","og_url":"https:\/\/rcg-ag.com\/de\/practice-areas\/maerkte-kunden-und-vertrieb\/","og_site_name":"Research &amp; Consulting (Deutschland) GmbH","article_modified_time":"2019-09-18T09:43:10+00:00","twitter_card":"summary_large_image","twitter_misc":{"Gesch\u00e4tzte Lesezeit":"1\u00a0Minute"},"schema":{"@context":"https:\/\/schema.org","@graph":[{"@type":"WebPage","@id":"https:\/\/rcg-ag.com\/de\/practice-areas\/maerkte-kunden-und-vertrieb\/","url":"https:\/\/rcg-ag.com\/de\/practice-areas\/maerkte-kunden-und-vertrieb\/","name":"M\u00e4rkte, Kunden und Vertrieb - Research &amp; Consulting (Deutschland) GmbH","isPartOf":{"@id":"https:\/\/rcg-ag.com\/de\/#website"},"datePublished":"2019-09-10T12:03:40+00:00","dateModified":"2019-09-18T09:43:10+00:00","breadcrumb":{"@id":"https:\/\/rcg-ag.com\/de\/practice-areas\/maerkte-kunden-und-vertrieb\/#breadcrumb"},"inLanguage":"de","potentialAction":[{"@type":"ReadAction","target":["https:\/\/rcg-ag.com\/de\/practice-areas\/maerkte-kunden-und-vertrieb\/"]}]},{"@type":"BreadcrumbList","@id":"https:\/\/rcg-ag.com\/de\/practice-areas\/maerkte-kunden-und-vertrieb\/#breadcrumb","itemListElement":[{"@type":"ListItem","position":1,"name":"Startseite","item":"https:\/\/rcg-ag.com\/de\/"},{"@type":"ListItem","position":2,"name":"Practice Areas","item":"https:\/\/rcg-ag.com\/de\/practice-areas\/"},{"@type":"ListItem","position":3,"name":"M\u00e4rkte, Kunden und Vertrieb"}]},{"@type":"WebSite","@id":"https:\/\/rcg-ag.com\/de\/#website","url":"https:\/\/rcg-ag.com\/de\/","name":"Research &amp; Consulting (Deutschland) GmbH","description":"","publisher":{"@id":"https:\/\/rcg-ag.com\/de\/#organization"},"potentialAction":[{"@type":"SearchAction","target":{"@type":"EntryPoint","urlTemplate":"https:\/\/rcg-ag.com\/de\/?s={search_term_string}"},"query-input":{"@type":"PropertyValueSpecification","valueRequired":true,"valueName":"search_term_string"}}],"inLanguage":"de"},{"@type":"Organization","@id":"https:\/\/rcg-ag.com\/de\/#organization","name":"Research & Consulting Group","url":"https:\/\/rcg-ag.com\/de\/","logo":{"@type":"ImageObject","inLanguage":"de","@id":"https:\/\/rcg-ag.com\/de\/#\/schema\/logo\/image\/","url":"https:\/\/rcg-ag.com\/wp-content\/uploads\/2019\/08\/thumbnail.jpg","contentUrl":"https:\/\/rcg-ag.com\/wp-content\/uploads\/2019\/08\/thumbnail.jpg","width":319,"height":231,"caption":"Research & Consulting Group"},"image":{"@id":"https:\/\/rcg-ag.com\/de\/#\/schema\/logo\/image\/"},"sameAs":["https:\/\/www.linkedin.com\/in\/joachim-schroeder-20baa434\/"]}]}},"_links":{"self":[{"href":"https:\/\/rcg-ag.com\/de\/wp-json\/wp\/v2\/pages\/1666","targetHints":{"allow":["GET"]}}],"collection":[{"href":"https:\/\/rcg-ag.com\/de\/wp-json\/wp\/v2\/pages"}],"about":[{"href":"https:\/\/rcg-ag.com\/de\/wp-json\/wp\/v2\/types\/page"}],"author":[{"embeddable":true,"href":"https:\/\/rcg-ag.com\/de\/wp-json\/wp\/v2\/users\/3"}],"replies":[{"embeddable":true,"href":"https:\/\/rcg-ag.com\/de\/wp-json\/wp\/v2\/comments?post=1666"}],"version-history":[{"count":11,"href":"https:\/\/rcg-ag.com\/de\/wp-json\/wp\/v2\/pages\/1666\/revisions"}],"predecessor-version":[{"id":2027,"href":"https:\/\/rcg-ag.com\/de\/wp-json\/wp\/v2\/pages\/1666\/revisions\/2027"}],"up":[{"embeddable":true,"href":"https:\/\/rcg-ag.com\/de\/wp-json\/wp\/v2\/pages\/1938"}],"wp:attachment":[{"href":"https:\/\/rcg-ag.com\/de\/wp-json\/wp\/v2\/media?parent=1666"}],"curies":[{"name":"wp","href":"https:\/\/api.w.org\/{rel}","templated":true}]}}