{"id":1539,"date":"2019-09-05T13:25:07","date_gmt":"2019-09-05T11:25:07","guid":{"rendered":"https:\/\/rcg-ag.com\/uber-uns\/"},"modified":"2025-10-28T13:00:42","modified_gmt":"2025-10-28T12:00:42","slug":"ueber-uns","status":"publish","type":"page","link":"https:\/\/rcg-ag.com\/de\/ueber-uns\/","title":{"rendered":"\u00dcber uns"},"content":{"rendered":"<div class=\"special-headline\"><h1 class=\"special-headline-title\">\u00dcbersicht<\/h1><\/div>\n\n\n<div class=\"wp-block-columns has-2-columns is-layout-flex wp-container-core-columns-is-layout-1 wp-block-columns-is-layout-flex\">\n<div class=\"wp-block-column is-layout-flow wp-block-column-is-layout-flow\">\n<p>Wir sind eine global agierende Managementberatung und arbeiten mit den f\u00fchrenden internationalen Unternehmen der Stahl-, Metall- &amp; Mining-Industrie. Wir unterst\u00fctzen unsere Kunden dabei ihr Unternehmen zu transformieren, um Ziele zu erreichen und Chancen zu ergreifen. <\/p>\n<\/div>\n\n\n\n<div class=\"wp-block-column is-layout-flow wp-block-column-is-layout-flow\">\n<p>Mit mehr als 25 Jahren Erfahrung sind wir einer der f\u00fchrenden Anbieter von Beratungsleistungen f\u00fcr die globale Stahl-, Metall- &amp; Mining-Industrie und haben zahlreiche Projekte in allen Produktkategorien, allen Regionen weltweit sowie entlang der gesamten Wertsch\u00f6pfungskette erfolgreich durchgef\u00fchrt.<\/p>\n<\/div>\n<\/div>\n\n\n<div class=\"special-headline\"><h2 class=\"special-headline-title\">Unsere Mitarbeiter<\/h2><\/div>\n\n\n<div class=\"wp-block-columns has-2-columns is-layout-flex wp-container-core-columns-is-layout-2 wp-block-columns-is-layout-flex\">\n<div class=\"wp-block-column is-layout-flow wp-block-column-is-layout-flow\">\n<p>Wir wissen, dass unsere Mitarbeiter der Schl\u00fcssel zu unserem Erfolg sind. Kontinuierliche Rekrutierung und best\u00e4ndige Weiterentwicklung von F\u00e4higkeiten und Kenntnissen sind eines unserer vorrangigen Ziele, damit wir auch kurzfristig das passende Team zur Verf\u00fcgung stellen k\u00f6nnen, um den Anforderungen unserer Kunden gerecht zu werden.<\/p>\n<\/div>\n\n\n\n<div class=\"wp-block-column is-layout-flow wp-block-column-is-layout-flow\">\n<p>Unsere Berater sind Top-Absolventen der f\u00fchrenden Universit\u00e4ten weltweit und setzen sich aus Ingenieuren, Wissenschaftlern, Business Managern und F\u00fchrungskr\u00e4ften der Branche zusammen. Sie sind der RCG beigetreten, um ihre F\u00e4higkeiten anzuwenden, um sich weiter zu entwickeln und um zum Erfolg der RCG beizutragen.<\/p>\n<\/div>\n<\/div>\n","protected":false},"excerpt":{"rendered":"<p>Wir sind eine global agierende Managementberatung und arbeiten mit den f\u00fchrenden internationalen Unternehmen der Stahl-, Metall- &amp; Mining-Industrie. Wir unterst\u00fctzen unsere Kunden dabei ihr Unternehmen zu transformieren, um Ziele zu erreichen und Chancen zu ergreifen. Mit mehr als 25 Jahren Erfahrung sind wir einer der f\u00fchrenden Anbieter von Beratungsleistungen f\u00fcr die globale Stahl-, Metall- &amp; [&hellip;]<\/p>\n","protected":false},"author":3,"featured_media":0,"parent":0,"menu_order":14,"comment_status":"closed","ping_status":"closed","template":"","meta":{"_acf_changed":false,"footnotes":""},"class_list":["post-1539","page","type-page","status-publish","hentry"],"acf":[],"yoast_head":"<!-- This site is optimized with the Yoast SEO plugin v24.3 - https:\/\/yoast.com\/wordpress\/plugins\/seo\/ -->\n<title>\u00dcber uns - Research &amp; Consulting (Deutschland) GmbH<\/title>\n<meta name=\"robots\" content=\"index, follow, max-snippet:-1, max-image-preview:large, max-video-preview:-1\" \/>\n<link rel=\"canonical\" href=\"https:\/\/rcg-ag.com\/de\/ueber-uns\/\" \/>\n<meta property=\"og:locale\" content=\"de_DE\" \/>\n<meta property=\"og:type\" content=\"article\" \/>\n<meta property=\"og:title\" content=\"\u00dcber uns - Research &amp; Consulting (Deutschland) GmbH\" \/>\n<meta property=\"og:description\" content=\"Wir sind eine global agierende Managementberatung und arbeiten mit den f\u00fchrenden internationalen Unternehmen der Stahl-, Metall- &amp; Mining-Industrie. Wir unterst\u00fctzen unsere Kunden dabei ihr Unternehmen zu transformieren, um Ziele zu erreichen und Chancen zu ergreifen. Mit mehr als 25 Jahren Erfahrung sind wir einer der f\u00fchrenden Anbieter von Beratungsleistungen f\u00fcr die globale Stahl-, Metall- &amp; [&hellip;]\" \/>\n<meta property=\"og:url\" content=\"https:\/\/rcg-ag.com\/de\/ueber-uns\/\" \/>\n<meta property=\"og:site_name\" content=\"Research &amp; Consulting (Deutschland) GmbH\" \/>\n<meta property=\"article:modified_time\" content=\"2025-10-28T12:00:42+00:00\" \/>\n<meta name=\"twitter:card\" content=\"summary_large_image\" \/>\n<meta name=\"twitter:label1\" content=\"Gesch\u00e4tzte Lesezeit\" \/>\n\t<meta name=\"twitter:data1\" content=\"1\u00a0Minute\" \/>\n<script type=\"application\/ld+json\" class=\"yoast-schema-graph\">{\"@context\":\"https:\/\/schema.org\",\"@graph\":[{\"@type\":\"WebPage\",\"@id\":\"https:\/\/rcg-ag.com\/de\/ueber-uns\/\",\"url\":\"https:\/\/rcg-ag.com\/de\/ueber-uns\/\",\"name\":\"\u00dcber uns - Research &amp; Consulting (Deutschland) GmbH\",\"isPartOf\":{\"@id\":\"https:\/\/rcg-ag.com\/de\/#website\"},\"datePublished\":\"2019-09-05T11:25:07+00:00\",\"dateModified\":\"2025-10-28T12:00:42+00:00\",\"breadcrumb\":{\"@id\":\"https:\/\/rcg-ag.com\/de\/ueber-uns\/#breadcrumb\"},\"inLanguage\":\"de\",\"potentialAction\":[{\"@type\":\"ReadAction\",\"target\":[\"https:\/\/rcg-ag.com\/de\/ueber-uns\/\"]}]},{\"@type\":\"BreadcrumbList\",\"@id\":\"https:\/\/rcg-ag.com\/de\/ueber-uns\/#breadcrumb\",\"itemListElement\":[{\"@type\":\"ListItem\",\"position\":1,\"name\":\"Startseite\",\"item\":\"https:\/\/rcg-ag.com\/de\/\"},{\"@type\":\"ListItem\",\"position\":2,\"name\":\"\u00dcber uns\"}]},{\"@type\":\"WebSite\",\"@id\":\"https:\/\/rcg-ag.com\/de\/#website\",\"url\":\"https:\/\/rcg-ag.com\/de\/\",\"name\":\"Research &amp; Consulting (Deutschland) GmbH\",\"description\":\"\",\"publisher\":{\"@id\":\"https:\/\/rcg-ag.com\/de\/#organization\"},\"potentialAction\":[{\"@type\":\"SearchAction\",\"target\":{\"@type\":\"EntryPoint\",\"urlTemplate\":\"https:\/\/rcg-ag.com\/de\/?s={search_term_string}\"},\"query-input\":{\"@type\":\"PropertyValueSpecification\",\"valueRequired\":true,\"valueName\":\"search_term_string\"}}],\"inLanguage\":\"de\"},{\"@type\":\"Organization\",\"@id\":\"https:\/\/rcg-ag.com\/de\/#organization\",\"name\":\"Research & Consulting Group\",\"url\":\"https:\/\/rcg-ag.com\/de\/\",\"logo\":{\"@type\":\"ImageObject\",\"inLanguage\":\"de\",\"@id\":\"https:\/\/rcg-ag.com\/de\/#\/schema\/logo\/image\/\",\"url\":\"https:\/\/rcg-ag.com\/wp-content\/uploads\/2019\/08\/thumbnail.jpg\",\"contentUrl\":\"https:\/\/rcg-ag.com\/wp-content\/uploads\/2019\/08\/thumbnail.jpg\",\"width\":319,\"height\":231,\"caption\":\"Research & Consulting Group\"},\"image\":{\"@id\":\"https:\/\/rcg-ag.com\/de\/#\/schema\/logo\/image\/\"},\"sameAs\":[\"https:\/\/www.linkedin.com\/in\/joachim-schroeder-20baa434\/\"]}]}<\/script>\n<!-- \/ Yoast SEO plugin. -->","yoast_head_json":{"title":"\u00dcber uns - Research &amp; Consulting (Deutschland) GmbH","robots":{"index":"index","follow":"follow","max-snippet":"max-snippet:-1","max-image-preview":"max-image-preview:large","max-video-preview":"max-video-preview:-1"},"canonical":"https:\/\/rcg-ag.com\/de\/ueber-uns\/","og_locale":"de_DE","og_type":"article","og_title":"\u00dcber uns - Research &amp; Consulting (Deutschland) GmbH","og_description":"Wir sind eine global agierende Managementberatung und arbeiten mit den f\u00fchrenden internationalen Unternehmen der Stahl-, Metall- &amp; Mining-Industrie. Wir unterst\u00fctzen unsere Kunden dabei ihr Unternehmen zu transformieren, um Ziele zu erreichen und Chancen zu ergreifen. Mit mehr als 25 Jahren Erfahrung sind wir einer der f\u00fchrenden Anbieter von Beratungsleistungen f\u00fcr die globale Stahl-, Metall- &amp; [&hellip;]","og_url":"https:\/\/rcg-ag.com\/de\/ueber-uns\/","og_site_name":"Research &amp; Consulting (Deutschland) GmbH","article_modified_time":"2025-10-28T12:00:42+00:00","twitter_card":"summary_large_image","twitter_misc":{"Gesch\u00e4tzte Lesezeit":"1\u00a0Minute"},"schema":{"@context":"https:\/\/schema.org","@graph":[{"@type":"WebPage","@id":"https:\/\/rcg-ag.com\/de\/ueber-uns\/","url":"https:\/\/rcg-ag.com\/de\/ueber-uns\/","name":"\u00dcber uns - Research &amp; Consulting (Deutschland) GmbH","isPartOf":{"@id":"https:\/\/rcg-ag.com\/de\/#website"},"datePublished":"2019-09-05T11:25:07+00:00","dateModified":"2025-10-28T12:00:42+00:00","breadcrumb":{"@id":"https:\/\/rcg-ag.com\/de\/ueber-uns\/#breadcrumb"},"inLanguage":"de","potentialAction":[{"@type":"ReadAction","target":["https:\/\/rcg-ag.com\/de\/ueber-uns\/"]}]},{"@type":"BreadcrumbList","@id":"https:\/\/rcg-ag.com\/de\/ueber-uns\/#breadcrumb","itemListElement":[{"@type":"ListItem","position":1,"name":"Startseite","item":"https:\/\/rcg-ag.com\/de\/"},{"@type":"ListItem","position":2,"name":"\u00dcber uns"}]},{"@type":"WebSite","@id":"https:\/\/rcg-ag.com\/de\/#website","url":"https:\/\/rcg-ag.com\/de\/","name":"Research &amp; Consulting (Deutschland) GmbH","description":"","publisher":{"@id":"https:\/\/rcg-ag.com\/de\/#organization"},"potentialAction":[{"@type":"SearchAction","target":{"@type":"EntryPoint","urlTemplate":"https:\/\/rcg-ag.com\/de\/?s={search_term_string}"},"query-input":{"@type":"PropertyValueSpecification","valueRequired":true,"valueName":"search_term_string"}}],"inLanguage":"de"},{"@type":"Organization","@id":"https:\/\/rcg-ag.com\/de\/#organization","name":"Research & Consulting Group","url":"https:\/\/rcg-ag.com\/de\/","logo":{"@type":"ImageObject","inLanguage":"de","@id":"https:\/\/rcg-ag.com\/de\/#\/schema\/logo\/image\/","url":"https:\/\/rcg-ag.com\/wp-content\/uploads\/2019\/08\/thumbnail.jpg","contentUrl":"https:\/\/rcg-ag.com\/wp-content\/uploads\/2019\/08\/thumbnail.jpg","width":319,"height":231,"caption":"Research & Consulting Group"},"image":{"@id":"https:\/\/rcg-ag.com\/de\/#\/schema\/logo\/image\/"},"sameAs":["https:\/\/www.linkedin.com\/in\/joachim-schroeder-20baa434\/"]}]}},"_links":{"self":[{"href":"https:\/\/rcg-ag.com\/de\/wp-json\/wp\/v2\/pages\/1539","targetHints":{"allow":["GET"]}}],"collection":[{"href":"https:\/\/rcg-ag.com\/de\/wp-json\/wp\/v2\/pages"}],"about":[{"href":"https:\/\/rcg-ag.com\/de\/wp-json\/wp\/v2\/types\/page"}],"author":[{"embeddable":true,"href":"https:\/\/rcg-ag.com\/de\/wp-json\/wp\/v2\/users\/3"}],"replies":[{"embeddable":true,"href":"https:\/\/rcg-ag.com\/de\/wp-json\/wp\/v2\/comments?post=1539"}],"version-history":[{"count":2,"href":"https:\/\/rcg-ag.com\/de\/wp-json\/wp\/v2\/pages\/1539\/revisions"}],"predecessor-version":[{"id":2786,"href":"https:\/\/rcg-ag.com\/de\/wp-json\/wp\/v2\/pages\/1539\/revisions\/2786"}],"wp:attachment":[{"href":"https:\/\/rcg-ag.com\/de\/wp-json\/wp\/v2\/media?parent=1539"}],"curies":[{"name":"wp","href":"https:\/\/api.w.org\/{rel}","templated":true}]}}