{"id":1502,"date":"2019-09-05T12:39:36","date_gmt":"2019-09-05T10:39:36","guid":{"rendered":"https:\/\/rcg-ag.com\/start\/"},"modified":"2025-10-28T12:46:24","modified_gmt":"2025-10-28T11:46:24","slug":"start","status":"publish","type":"page","link":"https:\/\/rcg-ag.com\/de\/","title":{"rendered":"Home"},"content":{"rendered":"<div id=\"slider-block_55924c2a2dab7a983874de1f57714867\" class=\"slider-wrap\"><div class=\"slider\"><div class=\"slide\"><div class=\"img-container\"><img loading=\"lazy\" decoding=\"async\" width=\"1088\" height=\"726\" src=\"https:\/\/rcg-ag.com\/wp-content\/uploads\/2019\/07\/best-of-steel-and-metals-industry-advisors-specialists.jpeg\" class=\"attachment-1920x726 size-1920x726\" alt=\"\" srcset=\"https:\/\/rcg-ag.com\/wp-content\/uploads\/2019\/07\/best-of-steel-and-metals-industry-advisors-specialists.jpeg 7952w, https:\/\/rcg-ag.com\/wp-content\/uploads\/2019\/07\/best-of-steel-and-metals-industry-advisors-specialists-300x200.jpeg 300w, https:\/\/rcg-ag.com\/wp-content\/uploads\/2019\/07\/best-of-steel-and-metals-industry-advisors-specialists-768x512.jpeg 768w, https:\/\/rcg-ag.com\/wp-content\/uploads\/2019\/07\/best-of-steel-and-metals-industry-advisors-specialists-1024x683.jpeg 1024w\" sizes=\"auto, (max-width: 1088px) 100vw, 1088px\" \/><\/div><div class=\"slide_content\"><p class=\"title-type\">F\u00dcHRENDE BERATER UND SPEZIALISTEN DER STAHL-, METALL- &#038; MINING-INDUSTRIE<\/p><a class=\"btn\" href=\"https:\/\/rcg-ag.com\/de\/unsere-kundenzusammenarbeit\/internationale-erfahrung-und-referenzen\/\"><span>Unsere Expertise<\/span><span class=\"button-arrow\">&#8594;<\/span><\/a><\/div><span class=\"arrow-down\"><\/span><\/div><div class=\"slide\"><div class=\"img-container\"><img loading=\"lazy\" decoding=\"async\" width=\"1089\" height=\"726\" src=\"https:\/\/rcg-ag.com\/wp-content\/uploads\/2019\/07\/best-of-steel-and-metals-industry-advisors-specialists-2.jpeg\" class=\"attachment-1920x726 size-1920x726\" alt=\"\" srcset=\"https:\/\/rcg-ag.com\/wp-content\/uploads\/2019\/07\/best-of-steel-and-metals-industry-advisors-specialists-2.jpeg 6720w, https:\/\/rcg-ag.com\/wp-content\/uploads\/2019\/07\/best-of-steel-and-metals-industry-advisors-specialists-2-300x200.jpeg 300w, https:\/\/rcg-ag.com\/wp-content\/uploads\/2019\/07\/best-of-steel-and-metals-industry-advisors-specialists-2-768x512.jpeg 768w, https:\/\/rcg-ag.com\/wp-content\/uploads\/2019\/07\/best-of-steel-and-metals-industry-advisors-specialists-2-1024x683.jpeg 1024w\" sizes=\"auto, (max-width: 1089px) 100vw, 1089px\" \/><\/div><div class=\"slide_content\"><p class=\"title-type\">F\u00dcHRENDE BERATER UND SPEZIALISTEN DER STAHL-, METALL- &#038; MINING-INDUSTRIE<\/p><a class=\"btn\" href=\"https:\/\/rcg-ag.com\/de\/unsere-kundenzusammenarbeit\/internationale-erfahrung-und-referenzen\/\"><span>Unsere Expertise<\/span><span class=\"button-arrow\">&#8594;<\/span><\/a><\/div><span class=\"arrow-down\"><\/span><\/div><div class=\"slide\"><div class=\"img-container\"><img loading=\"lazy\" decoding=\"async\" width=\"1452\" height=\"726\" src=\"https:\/\/rcg-ag.com\/wp-content\/uploads\/2019\/07\/best-of-steel-and-metals-industry-advisors-specialists-3.jpeg\" class=\"attachment-1920x726 size-1920x726\" alt=\"\" srcset=\"https:\/\/rcg-ag.com\/wp-content\/uploads\/2019\/07\/best-of-steel-and-metals-industry-advisors-specialists-3.jpeg 7000w, https:\/\/rcg-ag.com\/wp-content\/uploads\/2019\/07\/best-of-steel-and-metals-industry-advisors-specialists-3-300x150.jpeg 300w, https:\/\/rcg-ag.com\/wp-content\/uploads\/2019\/07\/best-of-steel-and-metals-industry-advisors-specialists-3-768x384.jpeg 768w, https:\/\/rcg-ag.com\/wp-content\/uploads\/2019\/07\/best-of-steel-and-metals-industry-advisors-specialists-3-1024x512.jpeg 1024w\" sizes=\"auto, (max-width: 1452px) 100vw, 1452px\" \/><\/div><div class=\"slide_content\"><p class=\"title-type\">F\u00dcHRENDE BERATER UND SPEZIALISTEN DER STAHL-, METALL- &#038; MINING-INDUSTRIE<\/p><a class=\"btn\" href=\"https:\/\/rcg-ag.com\/de\/unsere-kundenzusammenarbeit\/internationale-erfahrung-und-referenzen\/\"><span>Unsere Expertise<\/span><span class=\"button-arrow\">&#8594;<\/span><\/a><\/div><span class=\"arrow-down\"><\/span><\/div><div class=\"slide\"><div class=\"img-container\"><img loading=\"lazy\" decoding=\"async\" width=\"1088\" height=\"726\" src=\"https:\/\/rcg-ag.com\/wp-content\/uploads\/2019\/07\/best-of-steel-and-metals-industry-advisors-specialists-4.jpeg\" class=\"attachment-1920x726 size-1920x726\" alt=\"\" srcset=\"https:\/\/rcg-ag.com\/wp-content\/uploads\/2019\/07\/best-of-steel-and-metals-industry-advisors-specialists-4.jpeg 6016w, https:\/\/rcg-ag.com\/wp-content\/uploads\/2019\/07\/best-of-steel-and-metals-industry-advisors-specialists-4-300x200.jpeg 300w, https:\/\/rcg-ag.com\/wp-content\/uploads\/2019\/07\/best-of-steel-and-metals-industry-advisors-specialists-4-768x513.jpeg 768w, https:\/\/rcg-ag.com\/wp-content\/uploads\/2019\/07\/best-of-steel-and-metals-industry-advisors-specialists-4-1024x684.jpeg 1024w\" sizes=\"auto, (max-width: 1088px) 100vw, 1088px\" \/><\/div><div class=\"slide_content\"><p class=\"title-type\">F\u00dcHRENDE BERATER UND SPEZIALISTEN DER STAHL-, METALL- &#038; MINING-INDUSTRIE<\/p><a class=\"btn\" href=\"https:\/\/rcg-ag.com\/de\/unsere-kundenzusammenarbeit\/internationale-erfahrung-und-referenzen\/\"><span>Unsere Expertise<\/span><span class=\"button-arrow\">&#8594;<\/span><\/a><\/div><span class=\"arrow-down\"><\/span><\/div><div class=\"slide\"><div class=\"img-container\"><img loading=\"lazy\" decoding=\"async\" width=\"1844\" height=\"726\" src=\"https:\/\/rcg-ag.com\/wp-content\/uploads\/2019\/07\/best-of-steel-and-metals-industry-advisors-specialists-5.jpeg\" class=\"attachment-1920x726 size-1920x726\" alt=\"\" srcset=\"https:\/\/rcg-ag.com\/wp-content\/uploads\/2019\/07\/best-of-steel-and-metals-industry-advisors-specialists-5.jpeg 6231w, https:\/\/rcg-ag.com\/wp-content\/uploads\/2019\/07\/best-of-steel-and-metals-industry-advisors-specialists-5-300x118.jpeg 300w, https:\/\/rcg-ag.com\/wp-content\/uploads\/2019\/07\/best-of-steel-and-metals-industry-advisors-specialists-5-768x302.jpeg 768w, https:\/\/rcg-ag.com\/wp-content\/uploads\/2019\/07\/best-of-steel-and-metals-industry-advisors-specialists-5-1024x403.jpeg 1024w\" sizes=\"auto, (max-width: 1844px) 100vw, 1844px\" \/><\/div><div class=\"slide_content\"><p class=\"title-type\">F\u00dcHRENDE BERATER UND SPEZIALISTEN DER STAHL-, METALL- &#038; MINING-INDUSTRIE<\/p><a class=\"btn\" href=\"https:\/\/rcg-ag.com\/de\/unsere-kundenzusammenarbeit\/internationale-erfahrung-und-referenzen\/\"><span>Unsere Expertise<\/span><span class=\"button-arrow\">&#8594;<\/span><\/a><\/div><span class=\"arrow-down\"><\/span><\/div><\/div><\/div>\n\n<div class=\"special-headline\"><h1 class=\"special-headline-title\">Research &#038; Consulting Group <\/h1><p class=\"sub-headline\">Internationale Managementberatung mit Fokus auf der Stahl-, Metall- &#038; Mining-Industrie<\/p><\/div>\n\n\n<div class=\"wp-block-columns has-2-columns is-layout-flex wp-container-core-columns-is-layout-1 wp-block-columns-is-layout-flex\">\n<div class=\"wp-block-column is-layout-flow wp-block-column-is-layout-flow\">\n<p>Gemeinsam mit unseren Kunden entwickeln wir umsetzbare Strategien, erzielen nachhaltige Leistungssteigerungen und transformieren ihr Unternehmen, um Zielvorgaben zu erreichen und Chancen zu ergreifen.<\/p>\n<\/div>\n\n\n\n<div class=\"wp-block-column is-layout-flow wp-block-column-is-layout-flow\">\n<p>Wir unterst\u00fctzen unsere Kunden in allen Produktbereichen, in allen Regionen weltweit und entlang der gesamten Wertsch\u00f6pfungskette: vom Bergbau und Rohstoffen, \u00fcber die Produktion und Weiterverarbeitung bis hin zur Distribution.<\/p>\n<\/div>\n<\/div>\n\n\n\n<div class=\"wp-block-columns has-2-columns is-layout-flex wp-container-core-columns-is-layout-2 wp-block-columns-is-layout-flex\">\n<div class=\"wp-block-column is-layout-flow wp-block-column-is-layout-flow\">\n<figure class=\"wp-block-image overlay-image\"><img loading=\"lazy\" decoding=\"async\" width=\"1024\" height=\"374\" src=\"https:\/\/rcg-ag.com\/wp-content\/uploads\/2019\/07\/we-work-alongside-our-clients-edit-1024x374.jpeg\" alt=\"\" class=\"wp-image-1423\" srcset=\"https:\/\/rcg-ag.com\/wp-content\/uploads\/2019\/07\/we-work-alongside-our-clients-edit-1024x374.jpeg 1024w, https:\/\/rcg-ag.com\/wp-content\/uploads\/2019\/07\/we-work-alongside-our-clients-edit-300x110.jpeg 300w, https:\/\/rcg-ag.com\/wp-content\/uploads\/2019\/07\/we-work-alongside-our-clients-edit-768x281.jpeg 768w\" sizes=\"auto, (max-width: 1024px) 100vw, 1024px\" \/><\/figure>\n<\/div>\n\n\n\n<div class=\"wp-block-column is-layout-flow wp-block-column-is-layout-flow\"><div class=\"quote-block\"><span class=\"quote-icon\"><\/span><p class=\"quote-type\">Wir arbeiten in enger Zusammenarbeit mit unseren Kunden, unter Ber\u00fccksichtigung der Ansichten und Zielvorgaben aller Stakeholder, ohne dabei unsere Unabh\u00e4ngigkeit zu verlieren<\/p><\/div><\/div>\n<\/div>\n\n\n<div class=\"special-headline\"><h2 class=\"special-headline-title\">Wir unterst\u00fctzen Sie in<\/h2><\/div>\n\n\n<div class=\"wp-block-columns has-3-columns is-layout-flex wp-container-core-columns-is-layout-3 wp-block-columns-is-layout-flex\">\n<div class=\"wp-block-column is-layout-flow wp-block-column-is-layout-flow\"><div class=\"service-box\"><h3 class=\"headline-type\"><span class=\"headline-icon\"><img decoding=\"async\" src=\"https:\/\/rcg-ag.com\/wp-content\/uploads\/2019\/04\/icon-1.svg\" class=\"attachment- size-\" alt=\"\" \/><\/span>Strategie, Organisation und Transformation<\/h3><div class=\"service-box-content\"><p>umfasst die Bereiche Strategieentwicklung, organisatorische Umstrukturierung sowie Planung und Unterst\u00fctzung bei Ihrer Transformation&#8230; <\/p><a class=\"btn\" href=\"https:\/\/rcg-ag.com\/de\/practice-areas\/strategie-organisation-und-transformation\/\"><span>Zur Practice Area<\/span><span class=\"button-arrow\">&#8594;<\/span><\/a><\/div><\/div><\/div>\n\n\n\n<div class=\"wp-block-column is-layout-flow wp-block-column-is-layout-flow\"><div class=\"service-box\"><h3 class=\"headline-type\"><span class=\"headline-icon\"><img decoding=\"async\" src=\"https:\/\/rcg-ag.com\/wp-content\/uploads\/2019\/04\/icon-2.svg\" class=\"attachment- size-\" alt=\"\" \/><\/span>Operations, Technologie und Industrie 4.0<\/h3><div class=\"service-box-content\"><p>beinhaltet alle Produktionsstufen sowie alle wesentlichen unterst\u00fctzenden Prozesse einschlie\u00dflich Instandhaltung, Beschaffung, S&#038;OP und Supply Chain&#8230;<\/p><a class=\"btn\" href=\"https:\/\/rcg-ag.com\/de\/practice-areas\/operations-technologie-und-industrie\/\"><span>Zur Practice Area<\/span><span class=\"button-arrow\">&#8594;<\/span><\/a><\/div><\/div><\/div>\n\n\n\n<div class=\"wp-block-column is-layout-flow wp-block-column-is-layout-flow\"><div class=\"service-box\"><h3 class=\"headline-type\"><span class=\"headline-icon\"><img decoding=\"async\" src=\"https:\/\/rcg-ag.com\/wp-content\/uploads\/2019\/04\/icon-3.svg\" class=\"attachment- size-\" alt=\"\" \/><\/span>M\u00e4rkte, Kunden und Vertrieb<\/h3><div class=\"service-box-content\"><p>beinhaltet die Analyse von M\u00e4rkten, Kan\u00e4len und Kunden und umfasst alle wichtigen Produktgruppen sowie die meisten gro\u00dfen stahl- und metallverarbeitenden Regionen weltweit\u2026<\/p><a class=\"btn\" href=\"https:\/\/rcg-ag.com\/de\/practice-areas\/maerkte-kunden-und-vertrieb\/\"><span>Zur Practice Area<\/span><span class=\"button-arrow\">&#8594;<\/span><\/a><\/div><\/div><\/div>\n<\/div>\n\n\n<div class=\"quote-img\"><div class=\"img-container\" style=\"background-image: url(https:\/\/rcg-ag.com\/wp-content\/uploads\/2019\/04\/quote-img.jpg)\"><\/div><div class=\"quote-on-img\"><span class=\"quote-icon\"><\/span><h3 class=\"headline-type\">Unsere Experten haben mehr als 25 Jahre Erfahrung<\/h3><div class=\"quote-on-img-content\"><p>als F\u00fchrungskr\u00e4fte und Berater der Industrie in den Bereichen Strategie, Technologie, Marketing &#038; Vertrieb sowie Operations. Wir verf\u00fcgen \u00fcber langj\u00e4hrige Erfahrung in allen wichtigen stahl- und metallproduzierenden Regionen einschlie\u00dflich: Brasilien, China, GUS, EU, Indien, Japan, Korea, Nordamerika, S\u00fcdostasien und MENA.<\/p><a class=\"btn\" href=\"https:\/\/rcg-ag.com\/de\/unsere-kundenzusammenarbeit\/internationale-erfahrung-und-referenzen\/\"><span>Internationale Erfahrung und Referenzen<\/span><span class=\"button-arrow\">&#8594;<\/span><\/a><\/div><\/div><\/div>","protected":false},"excerpt":{"rendered":"<p>Gemeinsam mit unseren Kunden entwickeln wir umsetzbare Strategien, erzielen nachhaltige Leistungssteigerungen und transformieren ihr Unternehmen, um Zielvorgaben zu erreichen und Chancen zu ergreifen. Wir unterst\u00fctzen unsere Kunden in allen Produktbereichen, in allen Regionen weltweit und entlang der gesamten Wertsch\u00f6pfungskette: vom Bergbau und Rohstoffen, \u00fcber die Produktion und Weiterverarbeitung bis hin zur Distribution.<\/p>\n","protected":false},"author":3,"featured_media":0,"parent":0,"menu_order":0,"comment_status":"closed","ping_status":"closed","template":"","meta":{"_acf_changed":false,"footnotes":""},"class_list":["post-1502","page","type-page","status-publish","hentry"],"acf":[],"yoast_head":"<!-- This site is optimized with the Yoast SEO plugin v24.3 - https:\/\/yoast.com\/wordpress\/plugins\/seo\/ -->\n<title>Home - Research &amp; Consulting (Deutschland) GmbH<\/title>\n<meta name=\"description\" content=\"Internationale Managementberatung mit Fokus auf der Stahl-, Metall- &amp; Mining-Industrie. Wir arbeiten in enger Zusammenarbeit mit unseren Kunden, unter Ber\u00fccksichtigung der Ansichten und Zielvorgaben aller Stakeholder, ohne dabei unsere Unabh\u00e4ngigkeit zu verlieren.\" \/>\n<meta name=\"robots\" content=\"index, follow, max-snippet:-1, max-image-preview:large, max-video-preview:-1\" \/>\n<link rel=\"canonical\" href=\"https:\/\/rcg-ag.com\/de\/\" \/>\n<meta property=\"og:locale\" content=\"de_DE\" \/>\n<meta property=\"og:type\" content=\"article\" \/>\n<meta property=\"og:title\" content=\"Home - Research &amp; Consulting (Deutschland) GmbH\" \/>\n<meta property=\"og:description\" content=\"Internationale Managementberatung mit Fokus auf der Stahl-, Metall- &amp; Mining-Industrie. Wir arbeiten in enger Zusammenarbeit mit unseren Kunden, unter Ber\u00fccksichtigung der Ansichten und Zielvorgaben aller Stakeholder, ohne dabei unsere Unabh\u00e4ngigkeit zu verlieren.\" \/>\n<meta property=\"og:url\" content=\"https:\/\/rcg-ag.com\/de\/\" \/>\n<meta property=\"og:site_name\" content=\"Research &amp; Consulting (Deutschland) GmbH\" \/>\n<meta property=\"article:modified_time\" content=\"2025-10-28T11:46:24+00:00\" \/>\n<meta property=\"og:image\" content=\"https:\/\/rcg-ag.com\/wp-content\/uploads\/2019\/07\/we-work-alongside-our-clients-edit-1024x374.jpeg\" \/>\n<meta name=\"twitter:card\" content=\"summary_large_image\" \/>\n<meta name=\"twitter:label1\" content=\"Gesch\u00e4tzte Lesezeit\" \/>\n\t<meta name=\"twitter:data1\" content=\"1\u00a0Minute\" \/>\n<script type=\"application\/ld+json\" class=\"yoast-schema-graph\">{\"@context\":\"https:\/\/schema.org\",\"@graph\":[{\"@type\":\"WebPage\",\"@id\":\"https:\/\/rcg-ag.com\/de\/\",\"url\":\"https:\/\/rcg-ag.com\/de\/\",\"name\":\"Home - Research &amp; Consulting (Deutschland) GmbH\",\"isPartOf\":{\"@id\":\"https:\/\/rcg-ag.com\/de\/#website\"},\"primaryImageOfPage\":{\"@id\":\"https:\/\/rcg-ag.com\/de\/#primaryimage\"},\"image\":{\"@id\":\"https:\/\/rcg-ag.com\/de\/#primaryimage\"},\"thumbnailUrl\":\"https:\/\/rcg-ag.com\/wp-content\/uploads\/2019\/07\/we-work-alongside-our-clients-edit-1024x374.jpeg\",\"datePublished\":\"2019-09-05T10:39:36+00:00\",\"dateModified\":\"2025-10-28T11:46:24+00:00\",\"description\":\"Internationale Managementberatung mit Fokus auf der Stahl-, Metall- & Mining-Industrie. Wir arbeiten in enger Zusammenarbeit mit unseren Kunden, unter Ber\u00fccksichtigung der Ansichten und Zielvorgaben aller Stakeholder, ohne dabei unsere Unabh\u00e4ngigkeit zu verlieren.\",\"breadcrumb\":{\"@id\":\"https:\/\/rcg-ag.com\/de\/#breadcrumb\"},\"inLanguage\":\"de\",\"potentialAction\":[{\"@type\":\"ReadAction\",\"target\":[\"https:\/\/rcg-ag.com\/de\/\"]}]},{\"@type\":\"ImageObject\",\"inLanguage\":\"de\",\"@id\":\"https:\/\/rcg-ag.com\/de\/#primaryimage\",\"url\":\"https:\/\/rcg-ag.com\/wp-content\/uploads\/2019\/07\/we-work-alongside-our-clients-edit-1024x374.jpeg\",\"contentUrl\":\"https:\/\/rcg-ag.com\/wp-content\/uploads\/2019\/07\/we-work-alongside-our-clients-edit-1024x374.jpeg\"},{\"@type\":\"BreadcrumbList\",\"@id\":\"https:\/\/rcg-ag.com\/de\/#breadcrumb\",\"itemListElement\":[{\"@type\":\"ListItem\",\"position\":1,\"name\":\"Startseite\",\"item\":\"https:\/\/rcg-ag.com\/de\/\"},{\"@type\":\"ListItem\",\"position\":2,\"name\":\"Home\"}]},{\"@type\":\"WebSite\",\"@id\":\"https:\/\/rcg-ag.com\/de\/#website\",\"url\":\"https:\/\/rcg-ag.com\/de\/\",\"name\":\"Research &amp; Consulting (Deutschland) GmbH\",\"description\":\"\",\"publisher\":{\"@id\":\"https:\/\/rcg-ag.com\/de\/#organization\"},\"potentialAction\":[{\"@type\":\"SearchAction\",\"target\":{\"@type\":\"EntryPoint\",\"urlTemplate\":\"https:\/\/rcg-ag.com\/de\/?s={search_term_string}\"},\"query-input\":{\"@type\":\"PropertyValueSpecification\",\"valueRequired\":true,\"valueName\":\"search_term_string\"}}],\"inLanguage\":\"de\"},{\"@type\":\"Organization\",\"@id\":\"https:\/\/rcg-ag.com\/de\/#organization\",\"name\":\"Research & Consulting Group\",\"url\":\"https:\/\/rcg-ag.com\/de\/\",\"logo\":{\"@type\":\"ImageObject\",\"inLanguage\":\"de\",\"@id\":\"https:\/\/rcg-ag.com\/de\/#\/schema\/logo\/image\/\",\"url\":\"https:\/\/rcg-ag.com\/wp-content\/uploads\/2019\/08\/thumbnail.jpg\",\"contentUrl\":\"https:\/\/rcg-ag.com\/wp-content\/uploads\/2019\/08\/thumbnail.jpg\",\"width\":319,\"height\":231,\"caption\":\"Research & Consulting Group\"},\"image\":{\"@id\":\"https:\/\/rcg-ag.com\/de\/#\/schema\/logo\/image\/\"},\"sameAs\":[\"https:\/\/www.linkedin.com\/in\/joachim-schroeder-20baa434\/\"]}]}<\/script>\n<!-- \/ Yoast SEO plugin. -->","yoast_head_json":{"title":"Home - Research &amp; Consulting (Deutschland) GmbH","description":"Internationale Managementberatung mit Fokus auf der Stahl-, Metall- & Mining-Industrie. Wir arbeiten in enger Zusammenarbeit mit unseren Kunden, unter Ber\u00fccksichtigung der Ansichten und Zielvorgaben aller Stakeholder, ohne dabei unsere Unabh\u00e4ngigkeit zu verlieren.","robots":{"index":"index","follow":"follow","max-snippet":"max-snippet:-1","max-image-preview":"max-image-preview:large","max-video-preview":"max-video-preview:-1"},"canonical":"https:\/\/rcg-ag.com\/de\/","og_locale":"de_DE","og_type":"article","og_title":"Home - Research &amp; Consulting (Deutschland) GmbH","og_description":"Internationale Managementberatung mit Fokus auf der Stahl-, Metall- & Mining-Industrie. Wir arbeiten in enger Zusammenarbeit mit unseren Kunden, unter Ber\u00fccksichtigung der Ansichten und Zielvorgaben aller Stakeholder, ohne dabei unsere Unabh\u00e4ngigkeit zu verlieren.","og_url":"https:\/\/rcg-ag.com\/de\/","og_site_name":"Research &amp; Consulting (Deutschland) GmbH","article_modified_time":"2025-10-28T11:46:24+00:00","og_image":[{"url":"https:\/\/rcg-ag.com\/wp-content\/uploads\/2019\/07\/we-work-alongside-our-clients-edit-1024x374.jpeg","type":"","width":"","height":""}],"twitter_card":"summary_large_image","twitter_misc":{"Gesch\u00e4tzte Lesezeit":"1\u00a0Minute"},"schema":{"@context":"https:\/\/schema.org","@graph":[{"@type":"WebPage","@id":"https:\/\/rcg-ag.com\/de\/","url":"https:\/\/rcg-ag.com\/de\/","name":"Home - Research &amp; Consulting (Deutschland) GmbH","isPartOf":{"@id":"https:\/\/rcg-ag.com\/de\/#website"},"primaryImageOfPage":{"@id":"https:\/\/rcg-ag.com\/de\/#primaryimage"},"image":{"@id":"https:\/\/rcg-ag.com\/de\/#primaryimage"},"thumbnailUrl":"https:\/\/rcg-ag.com\/wp-content\/uploads\/2019\/07\/we-work-alongside-our-clients-edit-1024x374.jpeg","datePublished":"2019-09-05T10:39:36+00:00","dateModified":"2025-10-28T11:46:24+00:00","description":"Internationale Managementberatung mit Fokus auf der Stahl-, Metall- & Mining-Industrie. Wir arbeiten in enger Zusammenarbeit mit unseren Kunden, unter Ber\u00fccksichtigung der Ansichten und Zielvorgaben aller Stakeholder, ohne dabei unsere Unabh\u00e4ngigkeit zu verlieren.","breadcrumb":{"@id":"https:\/\/rcg-ag.com\/de\/#breadcrumb"},"inLanguage":"de","potentialAction":[{"@type":"ReadAction","target":["https:\/\/rcg-ag.com\/de\/"]}]},{"@type":"ImageObject","inLanguage":"de","@id":"https:\/\/rcg-ag.com\/de\/#primaryimage","url":"https:\/\/rcg-ag.com\/wp-content\/uploads\/2019\/07\/we-work-alongside-our-clients-edit-1024x374.jpeg","contentUrl":"https:\/\/rcg-ag.com\/wp-content\/uploads\/2019\/07\/we-work-alongside-our-clients-edit-1024x374.jpeg"},{"@type":"BreadcrumbList","@id":"https:\/\/rcg-ag.com\/de\/#breadcrumb","itemListElement":[{"@type":"ListItem","position":1,"name":"Startseite","item":"https:\/\/rcg-ag.com\/de\/"},{"@type":"ListItem","position":2,"name":"Home"}]},{"@type":"WebSite","@id":"https:\/\/rcg-ag.com\/de\/#website","url":"https:\/\/rcg-ag.com\/de\/","name":"Research &amp; Consulting (Deutschland) GmbH","description":"","publisher":{"@id":"https:\/\/rcg-ag.com\/de\/#organization"},"potentialAction":[{"@type":"SearchAction","target":{"@type":"EntryPoint","urlTemplate":"https:\/\/rcg-ag.com\/de\/?s={search_term_string}"},"query-input":{"@type":"PropertyValueSpecification","valueRequired":true,"valueName":"search_term_string"}}],"inLanguage":"de"},{"@type":"Organization","@id":"https:\/\/rcg-ag.com\/de\/#organization","name":"Research & Consulting Group","url":"https:\/\/rcg-ag.com\/de\/","logo":{"@type":"ImageObject","inLanguage":"de","@id":"https:\/\/rcg-ag.com\/de\/#\/schema\/logo\/image\/","url":"https:\/\/rcg-ag.com\/wp-content\/uploads\/2019\/08\/thumbnail.jpg","contentUrl":"https:\/\/rcg-ag.com\/wp-content\/uploads\/2019\/08\/thumbnail.jpg","width":319,"height":231,"caption":"Research & Consulting Group"},"image":{"@id":"https:\/\/rcg-ag.com\/de\/#\/schema\/logo\/image\/"},"sameAs":["https:\/\/www.linkedin.com\/in\/joachim-schroeder-20baa434\/"]}]}},"_links":{"self":[{"href":"https:\/\/rcg-ag.com\/de\/wp-json\/wp\/v2\/pages\/1502","targetHints":{"allow":["GET"]}}],"collection":[{"href":"https:\/\/rcg-ag.com\/de\/wp-json\/wp\/v2\/pages"}],"about":[{"href":"https:\/\/rcg-ag.com\/de\/wp-json\/wp\/v2\/types\/page"}],"author":[{"embeddable":true,"href":"https:\/\/rcg-ag.com\/de\/wp-json\/wp\/v2\/users\/3"}],"replies":[{"embeddable":true,"href":"https:\/\/rcg-ag.com\/de\/wp-json\/wp\/v2\/comments?post=1502"}],"version-history":[{"count":42,"href":"https:\/\/rcg-ag.com\/de\/wp-json\/wp\/v2\/pages\/1502\/revisions"}],"predecessor-version":[{"id":2784,"href":"https:\/\/rcg-ag.com\/de\/wp-json\/wp\/v2\/pages\/1502\/revisions\/2784"}],"wp:attachment":[{"href":"https:\/\/rcg-ag.com\/de\/wp-json\/wp\/v2\/media?parent=1502"}],"curies":[{"name":"wp","href":"https:\/\/api.w.org\/{rel}","templated":true}]}}